{"id":97,"date":"2013-11-25T13:22:24","date_gmt":"2013-11-25T13:22:24","guid":{"rendered":"http:\/\/tjsokolokresanec.microweb.cz\/?page_id=97"},"modified":"2013-11-25T13:22:24","modified_gmt":"2013-11-25T13:22:24","slug":"200809-2","status":"publish","type":"page","link":"http:\/\/tjsokolokresanec.cz\/?page_id=97","title":{"rendered":"2008\/09"},"content":{"rendered":"<table border=\"0\" rules=\"NONE\" cellspacing=\"0\">\n<col width=\"86\" \/>\n<col width=\"86\" \/>\n<col width=\"57\" \/>\n<col width=\"57\" \/>\n<col width=\"57\" \/>\n<col width=\"57\" \/>\n<col width=\"57\" \/>\n<col width=\"57\" \/>\n<col width=\"57\" \/>\n<tbody>\n<tr>\n<td colspan=\"9\" align=\"LEFT\" width=\"568\" height=\"22\"><b><span style=\"font-family: Times New Roman;font-size: medium\">\u00a0\u00a0TABULKA 2008\/09<\/span><\/b><\/td>\n<\/tr>\n<tr>\n<td align=\"CENTER\" height=\"17\"><b>Rk. <\/b><\/td>\n<td align=\"CENTER\"><b>T\u00fdm<\/b><\/td>\n<td align=\"CENTER\"><b>Z\u00e1p<\/b><\/td>\n<td align=\"CENTER\"><b> + <\/b><\/td>\n<td align=\"CENTER\"><b>0<\/b><\/td>\n<td align=\"CENTER\"><b> &#8211; <\/b><\/td>\n<td align=\"CENTER\"><b>Sk\u00f3re<\/b><\/td>\n<td align=\"CENTER\"><b>Body<\/b><\/td>\n<td align=\"CENTER\"><b>(Prav)<\/b><\/td>\n<\/tr>\n<tr>\n<td align=\"CENTER\" height=\"17\">1.<\/td>\n<td align=\"CENTER\">Tupadly B<\/td>\n<td align=\"CENTER\">24<\/td>\n<td align=\"CENTER\">21<\/td>\n<td align=\"CENTER\">2<\/td>\n<td align=\"CENTER\">1<\/td>\n<td align=\"CENTER\">121: 32<\/td>\n<td align=\"CENTER\">65<\/td>\n<td align=\"CENTER\">( 29)<\/td>\n<\/tr>\n<tr>\n<td align=\"CENTER\" height=\"17\">2.<\/td>\n<td align=\"CENTER\">Kluky<\/td>\n<td align=\"CENTER\">24<\/td>\n<td align=\"CENTER\">15<\/td>\n<td align=\"CENTER\">2<\/td>\n<td align=\"CENTER\">7<\/td>\n<td align=\"CENTER\">74: 48<\/td>\n<td align=\"CENTER\">47<\/td>\n<td align=\"CENTER\">( 11)<\/td>\n<\/tr>\n<tr>\n<td align=\"CENTER\" height=\"17\">3.<\/td>\n<td align=\"CENTER\">Chotusice B<\/td>\n<td align=\"CENTER\">24<\/td>\n<td align=\"CENTER\">15<\/td>\n<td align=\"CENTER\">2<\/td>\n<td align=\"CENTER\">7<\/td>\n<td align=\"CENTER\">75: 42<\/td>\n<td align=\"CENTER\">47<\/td>\n<td align=\"CENTER\">( 11)<\/td>\n<\/tr>\n<tr>\n<td align=\"CENTER\" height=\"17\">4.<\/td>\n<td align=\"CENTER\">\u017dleby B<\/td>\n<td align=\"CENTER\">24<\/td>\n<td align=\"CENTER\">14<\/td>\n<td align=\"CENTER\">4<\/td>\n<td align=\"CENTER\">6<\/td>\n<td align=\"CENTER\">73: 36<\/td>\n<td align=\"CENTER\">46<\/td>\n<td align=\"CENTER\">( 10)<\/td>\n<\/tr>\n<tr>\n<td align=\"CENTER\" height=\"17\">5.<\/td>\n<td align=\"CENTER\">Hostovlice<\/td>\n<td align=\"CENTER\">24<\/td>\n<td align=\"CENTER\">12<\/td>\n<td align=\"CENTER\">3<\/td>\n<td align=\"CENTER\">9<\/td>\n<td align=\"CENTER\">51: 49<\/td>\n<td align=\"CENTER\">39<\/td>\n<td align=\"CENTER\">( 3)<\/td>\n<\/tr>\n<tr>\n<td align=\"CENTER\" height=\"17\">6.<\/td>\n<td align=\"CENTER\">H.Bu\u010dice<\/td>\n<td align=\"CENTER\">24<\/td>\n<td align=\"CENTER\">12<\/td>\n<td align=\"CENTER\">3<\/td>\n<td align=\"CENTER\">9<\/td>\n<td align=\"CENTER\">69: 53<\/td>\n<td align=\"CENTER\">39<\/td>\n<td align=\"CENTER\">( 3)<\/td>\n<\/tr>\n<tr>\n<td align=\"CENTER\" height=\"17\">7.<\/td>\n<td align=\"CENTER\">Vlkane\u010d<\/td>\n<td align=\"CENTER\">24<\/td>\n<td align=\"CENTER\">9<\/td>\n<td align=\"CENTER\">6<\/td>\n<td align=\"CENTER\">9<\/td>\n<td align=\"CENTER\">43: 42<\/td>\n<td align=\"CENTER\">33<\/td>\n<td align=\"CENTER\">( -3)<\/td>\n<\/tr>\n<tr>\n<td align=\"CENTER\" height=\"17\">8.<\/td>\n<td align=\"CENTER\">Z\u00e1bo\u0159\u00ed<\/td>\n<td align=\"CENTER\">24<\/td>\n<td align=\"CENTER\">10<\/td>\n<td align=\"CENTER\">1<\/td>\n<td align=\"CENTER\">13<\/td>\n<td align=\"CENTER\">48: 52<\/td>\n<td align=\"CENTER\">31<\/td>\n<td align=\"CENTER\">( -5)<\/td>\n<\/tr>\n<tr>\n<td align=\"CENTER\" height=\"17\">9.<\/td>\n<td align=\"CENTER\">Brat\u010dice<\/td>\n<td align=\"CENTER\">24<\/td>\n<td align=\"CENTER\">8<\/td>\n<td align=\"CENTER\">3<\/td>\n<td align=\"CENTER\">13<\/td>\n<td align=\"CENTER\">51: 54<\/td>\n<td align=\"CENTER\">27<\/td>\n<td align=\"CENTER\">( -9)<\/td>\n<\/tr>\n<tr>\n<td align=\"CENTER\" height=\"17\">10.<\/td>\n<td align=\"CENTER\">Zb\u00fd\u0161ov B<\/td>\n<td align=\"CENTER\">24<\/td>\n<td align=\"CENTER\">6<\/td>\n<td align=\"CENTER\">5<\/td>\n<td align=\"CENTER\">13<\/td>\n<td align=\"CENTER\">40: 71<\/td>\n<td align=\"CENTER\">23<\/td>\n<td align=\"CENTER\">(-13)<\/td>\n<\/tr>\n<tr>\n<td align=\"CENTER\" height=\"17\">11.<\/td>\n<td align=\"CENTER\">\u0160trampouch<\/td>\n<td align=\"CENTER\">24<\/td>\n<td align=\"CENTER\">6<\/td>\n<td align=\"CENTER\">5<\/td>\n<td align=\"CENTER\">13<\/td>\n<td align=\"CENTER\">37: 64<\/td>\n<td align=\"CENTER\">23<\/td>\n<td align=\"CENTER\">(-13)<\/td>\n<\/tr>\n<tr>\n<td align=\"CENTER\" height=\"17\">12.<\/td>\n<td align=\"CENTER\">Mo\u010dovice<\/td>\n<td align=\"CENTER\">24<\/td>\n<td align=\"CENTER\">5<\/td>\n<td align=\"CENTER\">4<\/td>\n<td align=\"CENTER\">15<\/td>\n<td align=\"CENTER\">28: 88<\/td>\n<td align=\"CENTER\">19<\/td>\n<td align=\"CENTER\">(-17)<\/td>\n<\/tr>\n<tr>\n<td align=\"CENTER\" height=\"17\">13.<\/td>\n<td align=\"CENTER\">Ok\u0159esane\u010d<\/td>\n<td align=\"CENTER\">24<\/td>\n<td align=\"CENTER\">3<\/td>\n<td align=\"CENTER\">0<\/td>\n<td align=\"CENTER\">21<\/td>\n<td align=\"CENTER\">38:117<\/td>\n<td align=\"CENTER\">9<\/td>\n<td align=\"CENTER\">(-27)<\/td>\n<\/tr>\n<\/tbody>\n<\/table>\n<p>xxxxxxxxxxxxxxxxxxxxxxxxxxxxxxxxxxxxxxxxxxxxxxxxxxxxxxxxxxxxxxxxxxxxxxxxxxxxxxxxxxxxxxxxxxxxxxxxxxxxxxxxxxxxxxxxxxxxxxxxxxxxxxxxxxxxxxxxxx<\/p>\n<table border=\"0\" rules=\"NONE\" cellspacing=\"0\">\n<col width=\"86\" \/>\n<col width=\"86\" \/>\n<col width=\"57\" \/>\n<col width=\"57\" \/>\n<col width=\"57\" \/>\n<col width=\"57\" \/>\n<col width=\"57\" \/>\n<col width=\"57\" \/>\n<col width=\"57\" \/>\n<col width=\"57\" \/>\n<col width=\"57\" \/>\n<col width=\"57\" \/>\n<col width=\"57\" \/>\n<col width=\"57\" \/>\n<col width=\"57\" \/>\n<col width=\"57\" \/>\n<tbody>\n<tr>\n<td colspan=\"9\" align=\"LEFT\" width=\"568\" height=\"21\"><b><span style=\"font-size: medium\"> K\u0158\u00cd\u017dOV\u00c1 TABULKA<\/span><\/b><\/td>\n<td align=\"LEFT\" width=\"57\"><\/td>\n<td align=\"LEFT\" width=\"57\"><\/td>\n<td align=\"LEFT\" width=\"57\"><\/td>\n<td align=\"LEFT\" width=\"57\"><\/td>\n<td align=\"LEFT\" width=\"57\"><\/td>\n<td align=\"LEFT\" width=\"57\"><\/td>\n<td align=\"LEFT\" width=\"57\"><\/td>\n<\/tr>\n<tr>\n<td align=\"CENTER\" bgcolor=\"#FFFF99\" height=\"17\"><\/td>\n<td align=\"CENTER\" bgcolor=\"#FFFF99\"><\/td>\n<td align=\"CENTER\" bgcolor=\"#FFFF99\">1<\/td>\n<td align=\"CENTER\" bgcolor=\"#FFFF99\">2<\/td>\n<td align=\"CENTER\" bgcolor=\"#FFFF99\">3<\/td>\n<td align=\"CENTER\" bgcolor=\"#FFFF99\">4<\/td>\n<td align=\"CENTER\" bgcolor=\"#FFFF99\">5<\/td>\n<td align=\"LEFT\" bgcolor=\"#FFFF99\"><\/td>\n<td align=\"CENTER\" bgcolor=\"#FFFF99\">6<\/td>\n<td align=\"CENTER\" bgcolor=\"#FFFF99\">7<\/td>\n<td align=\"CENTER\" bgcolor=\"#FFFF99\">8<\/td>\n<td align=\"CENTER\" bgcolor=\"#FFFF99\">9<\/td>\n<td align=\"CENTER\" bgcolor=\"#FFFF99\">10<\/td>\n<td align=\"CENTER\" bgcolor=\"#FFFF99\">11<\/td>\n<td align=\"CENTER\" bgcolor=\"#FFFF99\">12<\/td>\n<td align=\"CENTER\" bgcolor=\"#FFFF99\">13<\/td>\n<\/tr>\n<tr>\n<td align=\"CENTER\" bgcolor=\"#FFFF99\" height=\"17\">1.<\/td>\n<td align=\"CENTER\" bgcolor=\"#FFFF99\">Brat\u010dice<\/td>\n<td align=\"CENTER\" bgcolor=\"#000000\">&#8212;<\/td>\n<td align=\"CENTER\">0:2<\/td>\n<td align=\"CENTER\">0:2<\/td>\n<td align=\"CENTER\">2:0<\/td>\n<td align=\"CENTER\">0:3<\/td>\n<td align=\"CENTER\"><\/td>\n<td align=\"CENTER\">0:3<\/td>\n<td align=\"CENTER\">9:0<\/td>\n<td align=\"CENTER\">3:1<\/td>\n<td align=\"CENTER\">2:4<\/td>\n<td align=\"CENTER\">4:0<\/td>\n<td align=\"CENTER\">2:4<\/td>\n<td align=\"CENTER\">1:2<\/td>\n<td align=\"CENTER\">2:4<\/td>\n<\/tr>\n<tr>\n<td align=\"CENTER\" bgcolor=\"#FFFF99\" height=\"17\">2.<\/td>\n<td align=\"CENTER\" bgcolor=\"#FFFF99\">H.Bu\u010dice<\/td>\n<td align=\"CENTER\">3:2<\/td>\n<td align=\"CENTER\" bgcolor=\"#000000\">&#8212;<\/td>\n<td align=\"CENTER\">7:3<\/td>\n<td align=\"CENTER\">1:4<\/td>\n<td align=\"CENTER\">6:2<\/td>\n<td align=\"CENTER\"><\/td>\n<td align=\"CENTER\">1:1<\/td>\n<td align=\"CENTER\">4:0<\/td>\n<td align=\"CENTER\">8:1<\/td>\n<td align=\"CENTER\">3:8<\/td>\n<td align=\"CENTER\">3:1<\/td>\n<td align=\"CENTER\">3:5<\/td>\n<td align=\"CENTER\">1:4<\/td>\n<td align=\"CENTER\">3:3<\/td>\n<\/tr>\n<tr>\n<td align=\"CENTER\" bgcolor=\"#FFFF99\" height=\"17\">3.<\/td>\n<td align=\"CENTER\" bgcolor=\"#FFFF99\">Vlkane\u010d<\/td>\n<td align=\"CENTER\">1:0<\/td>\n<td align=\"CENTER\">1:1<\/td>\n<td align=\"CENTER\" bgcolor=\"#000000\">&#8212;<\/td>\n<td align=\"CENTER\">1:2<\/td>\n<td align=\"CENTER\">3:0<\/td>\n<td align=\"CENTER\"><\/td>\n<td align=\"CENTER\">2:1<\/td>\n<td align=\"CENTER\">3:0<\/td>\n<td align=\"CENTER\">2:0<\/td>\n<td align=\"CENTER\">0:0<\/td>\n<td align=\"CENTER\">0:2<\/td>\n<td align=\"CENTER\">0:3<\/td>\n<td align=\"CENTER\">5:0<\/td>\n<td align=\"CENTER\">1:3<\/td>\n<\/tr>\n<tr>\n<td align=\"CENTER\" bgcolor=\"#FFFF99\" height=\"17\">4.<\/td>\n<td align=\"CENTER\" bgcolor=\"#FFFF99\">Hostovlice<\/td>\n<td align=\"CENTER\">2:0<\/td>\n<td align=\"CENTER\">2:4<\/td>\n<td align=\"CENTER\">2:1<\/td>\n<td align=\"CENTER\" bgcolor=\"#000000\">&#8212;<\/td>\n<td align=\"CENTER\">2:1<\/td>\n<td align=\"CENTER\"><\/td>\n<td align=\"CENTER\">3:5<\/td>\n<td align=\"CENTER\">1:2<\/td>\n<td align=\"CENTER\">5:0<\/td>\n<td align=\"CENTER\">3:3<\/td>\n<td align=\"CENTER\">2:2<\/td>\n<td align=\"CENTER\">0:5<\/td>\n<td align=\"CENTER\">2:3<\/td>\n<td align=\"CENTER\">4:1<\/td>\n<\/tr>\n<tr>\n<td align=\"CENTER\" bgcolor=\"#FFFF99\" height=\"17\">5.<\/td>\n<td align=\"CENTER\" bgcolor=\"#FFFF99\">Ok\u0159esane\u010d<\/td>\n<td align=\"CENTER\">0:8<\/td>\n<td align=\"CENTER\">1:4<\/td>\n<td align=\"CENTER\">3:7<\/td>\n<td align=\"CENTER\">2:4<\/td>\n<td align=\"CENTER\" bgcolor=\"#000000\">&#8212;<\/td>\n<td align=\"CENTER\"><\/td>\n<td align=\"CENTER\">3:11<\/td>\n<td align=\"CENTER\">1:3<\/td>\n<td align=\"CENTER\">3:6<\/td>\n<td align=\"CENTER\">2:6<\/td>\n<td align=\"CENTER\">2:4<\/td>\n<td align=\"CENTER\">1:4<\/td>\n<td align=\"CENTER\">4:6<\/td>\n<td align=\"CENTER\">3:0<\/td>\n<\/tr>\n<tr>\n<td align=\"LEFT\" bgcolor=\"#000000\" height=\"17\"><span style=\"color: #000000\">\u00a0<\/span><\/td>\n<td align=\"CENTER\" bgcolor=\"#000000\"><span style=\"color: #000000\">\u00a0<\/span><\/td>\n<td align=\"CENTER\" bgcolor=\"#000000\"><\/td>\n<td align=\"CENTER\" bgcolor=\"#000000\"><\/td>\n<td align=\"CENTER\" bgcolor=\"#000000\"><\/td>\n<td align=\"CENTER\" bgcolor=\"#000000\"><\/td>\n<td align=\"CENTER\" bgcolor=\"#000000\"><\/td>\n<td align=\"CENTER\" bgcolor=\"#000000\"><span style=\"color: #000000\">&#8212; <\/span><\/td>\n<td align=\"CENTER\" bgcolor=\"#000000\"><\/td>\n<td align=\"CENTER\" bgcolor=\"#000000\"><\/td>\n<td align=\"CENTER\" bgcolor=\"#000000\"><\/td>\n<td align=\"CENTER\" bgcolor=\"#000000\"><\/td>\n<td align=\"CENTER\" bgcolor=\"#000000\"><\/td>\n<td align=\"CENTER\" bgcolor=\"#000000\"><\/td>\n<td align=\"CENTER\" bgcolor=\"#000000\"><\/td>\n<td align=\"CENTER\" bgcolor=\"#000000\"><\/td>\n<\/tr>\n<tr>\n<td align=\"CENTER\" bgcolor=\"#FFFF99\" height=\"17\">6.<\/td>\n<td align=\"CENTER\" bgcolor=\"#FFFF99\">Kluky<\/td>\n<td align=\"CENTER\">0:2<\/td>\n<td align=\"CENTER\">4:1<\/td>\n<td align=\"CENTER\">6:3<\/td>\n<td align=\"CENTER\">1:2<\/td>\n<td align=\"CENTER\">7:1<\/td>\n<td align=\"CENTER\"><\/td>\n<td align=\"CENTER\" bgcolor=\"#000000\">&#8212;<\/td>\n<td align=\"CENTER\">4:1<\/td>\n<td align=\"CENTER\">4:1<\/td>\n<td align=\"CENTER\">2:4<\/td>\n<td align=\"CENTER\">2:0<\/td>\n<td align=\"CENTER\">3:3<\/td>\n<td align=\"CENTER\">3:2<\/td>\n<td align=\"CENTER\">4:0<\/td>\n<\/tr>\n<tr>\n<td align=\"CENTER\" bgcolor=\"#FFFF99\" height=\"17\">7.<\/td>\n<td align=\"CENTER\" bgcolor=\"#FFFF99\">Mo\u010dovice<\/td>\n<td align=\"CENTER\">0:1<\/td>\n<td align=\"CENTER\">0:7<\/td>\n<td align=\"CENTER\">2:2<\/td>\n<td align=\"CENTER\">0:2<\/td>\n<td align=\"CENTER\">4:0<\/td>\n<td align=\"CENTER\"><\/td>\n<td align=\"CENTER\">1:2<\/td>\n<td align=\"CENTER\" bgcolor=\"#000000\">&#8212;<\/td>\n<td align=\"CENTER\">4:1<\/td>\n<td align=\"CENTER\">1:1<\/td>\n<td align=\"CENTER\">1:1<\/td>\n<td align=\"CENTER\">0:8<\/td>\n<td align=\"CENTER\">2:1<\/td>\n<td align=\"CENTER\">0:7<\/td>\n<\/tr>\n<tr>\n<td align=\"CENTER\" bgcolor=\"#FFFF99\" height=\"17\">8.<\/td>\n<td align=\"CENTER\" bgcolor=\"#FFFF99\">Zb\u00fd\u0161ov B<\/td>\n<td align=\"CENTER\">3:3<\/td>\n<td align=\"CENTER\">0:2<\/td>\n<td align=\"CENTER\">1:1<\/td>\n<td align=\"CENTER\">1:1<\/td>\n<td align=\"CENTER\">4:2<\/td>\n<td align=\"CENTER\"><\/td>\n<td align=\"CENTER\">5:2<\/td>\n<td align=\"CENTER\">1:1<\/td>\n<td align=\"CENTER\" bgcolor=\"#000000\">&#8212;<\/td>\n<td align=\"CENTER\">4:2<\/td>\n<td align=\"CENTER\">2:2<\/td>\n<td align=\"CENTER\">1:2<\/td>\n<td align=\"CENTER\">3:0<\/td>\n<td align=\"CENTER\">1:3<\/td>\n<\/tr>\n<tr>\n<td align=\"CENTER\" bgcolor=\"#FFFF99\" height=\"17\">9.<\/td>\n<td align=\"CENTER\" bgcolor=\"#FFFF99\">\u017dleby B<\/td>\n<td align=\"CENTER\">7:2<\/td>\n<td align=\"CENTER\">2:0<\/td>\n<td align=\"CENTER\">2:2<\/td>\n<td align=\"CENTER\">2:0<\/td>\n<td align=\"CENTER\">8:1<\/td>\n<td align=\"CENTER\"><\/td>\n<td align=\"CENTER\">0:1<\/td>\n<td align=\"CENTER\">7:1<\/td>\n<td align=\"CENTER\">4:1<\/td>\n<td align=\"CENTER\" bgcolor=\"#000000\">&#8212;<\/td>\n<td align=\"CENTER\">5:0<\/td>\n<td align=\"CENTER\">0:1<\/td>\n<td align=\"CENTER\">2:0<\/td>\n<td align=\"CENTER\">2:0<\/td>\n<\/tr>\n<tr>\n<td align=\"CENTER\" bgcolor=\"#FFFF99\" height=\"17\">10.<\/td>\n<td align=\"CENTER\" bgcolor=\"#FFFF99\">\u0160trampouch<\/td>\n<td align=\"CENTER\">1:5<\/td>\n<td align=\"CENTER\">3:2<\/td>\n<td align=\"CENTER\">0:0<\/td>\n<td align=\"CENTER\">1:3<\/td>\n<td align=\"CENTER\">0:3<\/td>\n<td align=\"CENTER\"><\/td>\n<td align=\"CENTER\">5:1<\/td>\n<td align=\"CENTER\">5:2<\/td>\n<td align=\"CENTER\">0:1<\/td>\n<td align=\"CENTER\">3:0<\/td>\n<td align=\"CENTER\" bgcolor=\"#000000\">&#8212;<\/td>\n<td align=\"CENTER\">2:2<\/td>\n<td align=\"CENTER\">1:2<\/td>\n<td align=\"CENTER\">2:4<\/td>\n<\/tr>\n<tr>\n<td align=\"CENTER\" bgcolor=\"#FFFF99\" height=\"17\">11.<\/td>\n<td align=\"CENTER\" bgcolor=\"#FFFF99\">Tupadly B<\/td>\n<td align=\"CENTER\">10:1<\/td>\n<td align=\"CENTER\">4:2<\/td>\n<td align=\"CENTER\">3:0<\/td>\n<td align=\"CENTER\">4:2<\/td>\n<td align=\"CENTER\">12:0<\/td>\n<td align=\"CENTER\"><\/td>\n<td align=\"CENTER\">7:3<\/td>\n<td align=\"CENTER\">8:1<\/td>\n<td align=\"CENTER\">7:0<\/td>\n<td align=\"CENTER\">3:0<\/td>\n<td align=\"CENTER\">11:1<\/td>\n<td align=\"CENTER\" bgcolor=\"#000000\">&#8212;<\/td>\n<td align=\"CENTER\">7:2<\/td>\n<td align=\"CENTER\">2:0<\/td>\n<\/tr>\n<tr>\n<td align=\"CENTER\" bgcolor=\"#FFFF99\" height=\"17\">12.<\/td>\n<td align=\"CENTER\" bgcolor=\"#FFFF99\">Z\u00e1bo\u0159\u00ed<\/td>\n<td align=\"CENTER\">1:1<\/td>\n<td align=\"CENTER\">0:1<\/td>\n<td align=\"CENTER\">1:3<\/td>\n<td align=\"CENTER\">0:2<\/td>\n<td align=\"CENTER\">2:0<\/td>\n<td align=\"CENTER\"><\/td>\n<td align=\"CENTER\">0:2<\/td>\n<td align=\"CENTER\">6:2<\/td>\n<td align=\"CENTER\">6:0<\/td>\n<td align=\"CENTER\">3:0<\/td>\n<td align=\"CENTER\">3:0<\/td>\n<td align=\"CENTER\">1:2<\/td>\n<td align=\"CENTER\" bgcolor=\"#000000\">&#8212;<\/td>\n<td align=\"CENTER\">1:2<\/td>\n<\/tr>\n<tr>\n<td align=\"CENTER\" bgcolor=\"#FFFF99\" height=\"17\">13.<\/td>\n<td align=\"CENTER\" bgcolor=\"#FFFF99\">Chotusice B<\/td>\n<td align=\"CENTER\">1:1<\/td>\n<td align=\"CENTER\">2:0<\/td>\n<td align=\"CENTER\">3:0<\/td>\n<td align=\"CENTER\">7:1<\/td>\n<td align=\"CENTER\">6:0<\/td>\n<td align=\"CENTER\"><\/td>\n<td align=\"CENTER\">1:2<\/td>\n<td align=\"CENTER\">6:0<\/td>\n<td align=\"CENTER\">4:2<\/td>\n<td align=\"CENTER\">1:4<\/td>\n<td align=\"CENTER\">4:1<\/td>\n<td align=\"CENTER\">7:4<\/td>\n<td align=\"CENTER\">6:2<\/td>\n<td align=\"CENTER\" bgcolor=\"#000000\">&#8212;<\/td>\n<\/tr>\n<\/tbody>\n<\/table>\n<p>zdroj : http:\/\/nv.fotbal.cz\/<\/p>\n<div><\/div>\n","protected":false},"excerpt":{"rendered":"<p>\u00a0\u00a0TABULKA 2008\/09 Rk. T\u00fdm Z\u00e1p + 0 &#8211; Sk\u00f3re Body (Prav) 1. Tupadly B 24 21 2 1 121: 32 65 ( 29) 2. Kluky 24 15 2 7 74: 48 47 ( 11) 3. Chotusice B 24 15 2 7 75: 42 47 ( 11) 4. \u017dleby B 24 14 4 6 73: 36 [&hellip;]<\/p>\n","protected":false},"author":1,"featured_media":0,"parent":1177,"menu_order":21,"comment_status":"closed","ping_status":"open","template":"","meta":{"ngg_post_thumbnail":0,"footnotes":""},"class_list":["post-97","page","type-page","status-publish","hentry"],"_links":{"self":[{"href":"http:\/\/tjsokolokresanec.cz\/index.php?rest_route=\/wp\/v2\/pages\/97","targetHints":{"allow":["GET"]}}],"collection":[{"href":"http:\/\/tjsokolokresanec.cz\/index.php?rest_route=\/wp\/v2\/pages"}],"about":[{"href":"http:\/\/tjsokolokresanec.cz\/index.php?rest_route=\/wp\/v2\/types\/page"}],"author":[{"embeddable":true,"href":"http:\/\/tjsokolokresanec.cz\/index.php?rest_route=\/wp\/v2\/users\/1"}],"replies":[{"embeddable":true,"href":"http:\/\/tjsokolokresanec.cz\/index.php?rest_route=%2Fwp%2Fv2%2Fcomments&post=97"}],"version-history":[{"count":0,"href":"http:\/\/tjsokolokresanec.cz\/index.php?rest_route=\/wp\/v2\/pages\/97\/revisions"}],"up":[{"embeddable":true,"href":"http:\/\/tjsokolokresanec.cz\/index.php?rest_route=\/wp\/v2\/pages\/1177"}],"wp:attachment":[{"href":"http:\/\/tjsokolokresanec.cz\/index.php?rest_route=%2Fwp%2Fv2%2Fmedia&parent=97"}],"curies":[{"name":"wp","href":"https:\/\/api.w.org\/{rel}","templated":true}]}}