{"id":93,"date":"2013-11-25T13:17:59","date_gmt":"2013-11-25T13:17:59","guid":{"rendered":"http:\/\/tjsokolokresanec.microweb.cz\/?page_id=93"},"modified":"2013-11-25T13:17:59","modified_gmt":"2013-11-25T13:17:59","slug":"200910-2","status":"publish","type":"page","link":"http:\/\/tjsokolokresanec.cz\/?page_id=93","title":{"rendered":"2009\/10"},"content":{"rendered":"<table border=\"0\" rules=\"NONE\" cellspacing=\"0\">\n<col width=\"86\" \/>\n<col width=\"86\" \/>\n<col width=\"57\" \/>\n<col width=\"57\" \/>\n<col width=\"57\" \/>\n<col width=\"57\" \/>\n<col width=\"57\" \/>\n<col width=\"57\" \/>\n<col width=\"57\" \/>\n<tbody>\n<tr>\n<td colspan=\"9\" align=\"LEFT\" width=\"568\" height=\"17\"><b><span style=\"font-family: Times New Roman;font-size: medium\">\u00a0\u00a0TABULKA 2009\/10<\/span><\/b><\/td>\n<\/tr>\n<tr>\n<td align=\"CENTER\" height=\"17\"><b>Rk. <\/b><\/td>\n<td align=\"CENTER\"><b>T\u00fdm<\/b><\/td>\n<td align=\"CENTER\"><b>Z\u00e1p<\/b><\/td>\n<td align=\"CENTER\"><b> + <\/b><\/td>\n<td align=\"CENTER\"><b>0<\/b><\/td>\n<td align=\"CENTER\"><b> &#8211; <\/b><\/td>\n<td align=\"CENTER\"><b>Sk\u00f3re<\/b><\/td>\n<td align=\"CENTER\"><b>Body<\/b><\/td>\n<td align=\"CENTER\"><b>(Prav)<\/b><\/td>\n<\/tr>\n<tr>\n<td align=\"CENTER\" height=\"17\">1.<\/td>\n<td align=\"CENTER\">H.Bu\u010dice<\/td>\n<td align=\"CENTER\">28<\/td>\n<td align=\"CENTER\">23<\/td>\n<td align=\"CENTER\">2<\/td>\n<td align=\"CENTER\">3<\/td>\n<td align=\"CENTER\">106: 27<\/td>\n<td align=\"CENTER\">71<\/td>\n<td align=\"CENTER\">( 29)<\/td>\n<\/tr>\n<tr>\n<td align=\"CENTER\" height=\"17\">2.<\/td>\n<td align=\"CENTER\">Kluky<\/td>\n<td align=\"CENTER\">28<\/td>\n<td align=\"CENTER\">21<\/td>\n<td align=\"CENTER\">5<\/td>\n<td align=\"CENTER\">2<\/td>\n<td align=\"CENTER\">105: 33<\/td>\n<td align=\"CENTER\">68<\/td>\n<td align=\"CENTER\">( 26)<\/td>\n<\/tr>\n<tr>\n<td align=\"CENTER\" height=\"17\">3.<\/td>\n<td align=\"CENTER\">Brat\u010dice<\/td>\n<td align=\"CENTER\">28<\/td>\n<td align=\"CENTER\">20<\/td>\n<td align=\"CENTER\">4<\/td>\n<td align=\"CENTER\">4<\/td>\n<td align=\"CENTER\">83: 40<\/td>\n<td align=\"CENTER\">64<\/td>\n<td align=\"CENTER\">( 22)<\/td>\n<\/tr>\n<tr>\n<td align=\"CENTER\" height=\"17\">4.<\/td>\n<td align=\"CENTER\">Z\u00e1bo\u0159\u00ed<\/td>\n<td align=\"CENTER\">28<\/td>\n<td align=\"CENTER\">16<\/td>\n<td align=\"CENTER\">6<\/td>\n<td align=\"CENTER\">6<\/td>\n<td align=\"CENTER\">81: 46<\/td>\n<td align=\"CENTER\">54<\/td>\n<td align=\"CENTER\">( 12)<\/td>\n<\/tr>\n<tr>\n<td align=\"CENTER\" height=\"17\">5.<\/td>\n<td align=\"CENTER\">Mo\u010dovice<\/td>\n<td align=\"CENTER\">28<\/td>\n<td align=\"CENTER\">14<\/td>\n<td align=\"CENTER\">5<\/td>\n<td align=\"CENTER\">9<\/td>\n<td align=\"CENTER\">90: 56<\/td>\n<td align=\"CENTER\">47<\/td>\n<td align=\"CENTER\">( 5)<\/td>\n<\/tr>\n<tr>\n<td align=\"CENTER\" height=\"17\">6.<\/td>\n<td align=\"CENTER\">Chotusice B<\/td>\n<td align=\"CENTER\">28<\/td>\n<td align=\"CENTER\">12<\/td>\n<td align=\"CENTER\">8<\/td>\n<td align=\"CENTER\">8<\/td>\n<td align=\"CENTER\">52: 58<\/td>\n<td align=\"CENTER\">44<\/td>\n<td align=\"CENTER\">( 2)<\/td>\n<\/tr>\n<tr>\n<td align=\"CENTER\" height=\"17\">7.<\/td>\n<td align=\"CENTER\">Hostovlice<\/td>\n<td align=\"CENTER\">28<\/td>\n<td align=\"CENTER\">13<\/td>\n<td align=\"CENTER\">5<\/td>\n<td align=\"CENTER\">10<\/td>\n<td align=\"CENTER\">67: 63<\/td>\n<td align=\"CENTER\">44<\/td>\n<td align=\"CENTER\">( 2)<\/td>\n<\/tr>\n<tr>\n<td align=\"CENTER\" height=\"17\">8.<\/td>\n<td align=\"CENTER\">\u017dleby B<\/td>\n<td align=\"CENTER\">28<\/td>\n<td align=\"CENTER\">13<\/td>\n<td align=\"CENTER\">3<\/td>\n<td align=\"CENTER\">12<\/td>\n<td align=\"CENTER\">84: 58<\/td>\n<td align=\"CENTER\">42<\/td>\n<td align=\"CENTER\">( 0)<\/td>\n<\/tr>\n<tr>\n<td align=\"CENTER\" height=\"17\">9.<\/td>\n<td align=\"CENTER\">Zb\u00fd\u0161ov B<\/td>\n<td align=\"CENTER\">28<\/td>\n<td align=\"CENTER\">10<\/td>\n<td align=\"CENTER\">4<\/td>\n<td align=\"CENTER\">14<\/td>\n<td align=\"CENTER\">78: 91<\/td>\n<td align=\"CENTER\">34<\/td>\n<td align=\"CENTER\">( -8)<\/td>\n<\/tr>\n<tr>\n<td align=\"CENTER\" height=\"17\">10.<\/td>\n<td align=\"CENTER\">\u0160trampouch<\/td>\n<td align=\"CENTER\">28<\/td>\n<td align=\"CENTER\">9<\/td>\n<td align=\"CENTER\">6<\/td>\n<td align=\"CENTER\">13<\/td>\n<td align=\"CENTER\">71: 66<\/td>\n<td align=\"CENTER\">33<\/td>\n<td align=\"CENTER\">( -9)<\/td>\n<\/tr>\n<tr>\n<td align=\"CENTER\" height=\"17\">11.<\/td>\n<td align=\"CENTER\">B.Podol\u00ed B<\/td>\n<td align=\"CENTER\">28<\/td>\n<td align=\"CENTER\">8<\/td>\n<td align=\"CENTER\">4<\/td>\n<td align=\"CENTER\">16<\/td>\n<td align=\"CENTER\">69: 89<\/td>\n<td align=\"CENTER\">28<\/td>\n<td align=\"CENTER\">(-14)<\/td>\n<\/tr>\n<tr>\n<td align=\"CENTER\" height=\"17\">12.<\/td>\n<td align=\"CENTER\">Vlkane\u010d<\/td>\n<td align=\"CENTER\">28<\/td>\n<td align=\"CENTER\">6<\/td>\n<td align=\"CENTER\">7<\/td>\n<td align=\"CENTER\">15<\/td>\n<td align=\"CENTER\">46: 55<\/td>\n<td align=\"CENTER\">25<\/td>\n<td align=\"CENTER\">(-17)<\/td>\n<\/tr>\n<tr>\n<td align=\"CENTER\" height=\"17\">13.<\/td>\n<td align=\"CENTER\">Horu\u0161ice<\/td>\n<td align=\"CENTER\">28<\/td>\n<td align=\"CENTER\">4<\/td>\n<td align=\"CENTER\">6<\/td>\n<td align=\"CENTER\">18<\/td>\n<td align=\"CENTER\">34: 90<\/td>\n<td align=\"CENTER\">18<\/td>\n<td align=\"CENTER\">(-24)<\/td>\n<\/tr>\n<tr>\n<td align=\"CENTER\" height=\"17\">14.<\/td>\n<td align=\"CENTER\">Horky<\/td>\n<td align=\"CENTER\">28<\/td>\n<td align=\"CENTER\">4<\/td>\n<td align=\"CENTER\">5<\/td>\n<td align=\"CENTER\">19<\/td>\n<td align=\"CENTER\">38: 91<\/td>\n<td align=\"CENTER\">17<\/td>\n<td align=\"CENTER\">(-25)<\/td>\n<\/tr>\n<tr>\n<td align=\"CENTER\" height=\"17\">15.<\/td>\n<td align=\"CENTER\">Ok\u0159esane\u010d<\/td>\n<td align=\"CENTER\">28<\/td>\n<td align=\"CENTER\">2<\/td>\n<td align=\"CENTER\">0<\/td>\n<td align=\"CENTER\">26<\/td>\n<td align=\"CENTER\">32:173<\/td>\n<td align=\"CENTER\">6<\/td>\n<td align=\"CENTER\">(-36)<\/td>\n<\/tr>\n<\/tbody>\n<\/table>\n<p>xxxxxxxxxxxxxxxxxxxxxxxxxxxxxxxxxxxxxxxxxxxxxxxxxxxxxxxxxxxxxxxxxxxxxxxxxxxxxxxxxxxxxxxxxxxxxxxxxxxxxxxxxxxxxxxxxxxxxxxxxxxxxxxxxxxxxxxxxx<\/p>\n<table border=\"0\" rules=\"NONE\" cellspacing=\"0\">\n<col width=\"86\" \/>\n<col width=\"86\" \/>\n<col width=\"57\" \/>\n<col width=\"57\" \/>\n<col width=\"57\" \/>\n<col width=\"57\" \/>\n<col width=\"57\" \/>\n<col width=\"57\" \/>\n<col width=\"57\" \/>\n<col width=\"57\" \/>\n<col width=\"57\" \/>\n<col width=\"57\" \/>\n<col width=\"57\" \/>\n<col width=\"57\" \/>\n<col width=\"57\" \/>\n<col width=\"57\" \/>\n<col width=\"57\" \/>\n<tbody>\n<tr>\n<td colspan=\"9\" align=\"LEFT\" width=\"568\" height=\"25\"><b><span style=\"font-size: medium\"> K\u0158\u00cd\u017dOV\u00c1 TABULKA<\/span><\/b><\/td>\n<td align=\"LEFT\" width=\"57\"><\/td>\n<td align=\"LEFT\" width=\"57\"><\/td>\n<td align=\"LEFT\" width=\"57\"><\/td>\n<td align=\"LEFT\" width=\"57\"><\/td>\n<td align=\"LEFT\" width=\"57\"><\/td>\n<td align=\"LEFT\" width=\"57\"><\/td>\n<td align=\"LEFT\" width=\"57\"><\/td>\n<td align=\"LEFT\" width=\"57\"><\/td>\n<\/tr>\n<tr>\n<td align=\"CENTER\" bgcolor=\"#FFFF99\" height=\"17\"><\/td>\n<td align=\"CENTER\" bgcolor=\"#FFFF99\"><\/td>\n<td align=\"CENTER\" bgcolor=\"#FFFF99\">1<\/td>\n<td align=\"CENTER\" bgcolor=\"#FFFF99\">2<\/td>\n<td align=\"CENTER\" bgcolor=\"#FFFF99\">3<\/td>\n<td align=\"CENTER\" bgcolor=\"#FFFF99\">4<\/td>\n<td align=\"CENTER\" bgcolor=\"#FFFF99\">5<\/td>\n<td align=\"CENTER\" bgcolor=\"#FFFF99\">6<\/td>\n<td align=\"CENTER\" bgcolor=\"#FFFF99\">7<\/td>\n<td align=\"CENTER\" bgcolor=\"#FFFF99\">8<\/td>\n<td align=\"CENTER\" bgcolor=\"#FFFF99\">9<\/td>\n<td align=\"CENTER\" bgcolor=\"#FFFF99\">10<\/td>\n<td align=\"CENTER\" bgcolor=\"#FFFF99\">11<\/td>\n<td align=\"CENTER\" bgcolor=\"#FFFF99\">12<\/td>\n<td align=\"CENTER\" bgcolor=\"#FFFF99\">13<\/td>\n<td align=\"CENTER\" bgcolor=\"#FFFF99\">14<\/td>\n<td align=\"CENTER\" bgcolor=\"#FFFF99\">15<\/td>\n<\/tr>\n<tr>\n<td align=\"CENTER\" bgcolor=\"#FFFF99\" height=\"17\">1.<\/td>\n<td align=\"CENTER\" bgcolor=\"#FFFF99\">Mo\u010dovice<\/td>\n<td align=\"CENTER\" bgcolor=\"#000000\"><span style=\"color: #000000\">&#8212; <\/span><\/td>\n<td align=\"CENTER\">7:1<\/td>\n<td align=\"CENTER\">7:2<\/td>\n<td align=\"CENTER\">1:2<\/td>\n<td align=\"CENTER\">1:2<\/td>\n<td align=\"CENTER\">6:3<\/td>\n<td align=\"CENTER\">3:1<\/td>\n<td align=\"CENTER\">10:1<\/td>\n<td align=\"CENTER\">1:3<\/td>\n<td align=\"CENTER\">1:3<\/td>\n<td align=\"CENTER\">5:0<\/td>\n<td align=\"CENTER\">4:2<\/td>\n<td align=\"CENTER\">2:0<\/td>\n<td align=\"CENTER\">3:1<\/td>\n<td align=\"CENTER\">3:3<\/td>\n<\/tr>\n<tr>\n<td align=\"CENTER\" bgcolor=\"#FFFF99\" height=\"17\">2.<\/td>\n<td align=\"CENTER\" bgcolor=\"#FFFF99\">Horky<\/td>\n<td align=\"CENTER\">2:1<\/td>\n<td align=\"CENTER\" bgcolor=\"#000000\"><span style=\"color: #000000\">&#8212; <\/span><\/td>\n<td align=\"CENTER\">1:2<\/td>\n<td align=\"CENTER\">1:3<\/td>\n<td align=\"CENTER\">0:6<\/td>\n<td align=\"CENTER\">1:4<\/td>\n<td align=\"CENTER\">1:1<\/td>\n<td align=\"CENTER\">4:3<\/td>\n<td align=\"CENTER\">2:3<\/td>\n<td align=\"CENTER\">1:2<\/td>\n<td align=\"CENTER\">1:1<\/td>\n<td align=\"CENTER\">4:4<\/td>\n<td align=\"CENTER\">2:0<\/td>\n<td align=\"CENTER\">3:4<\/td>\n<td align=\"CENTER\">1:5<\/td>\n<\/tr>\n<tr>\n<td align=\"CENTER\" bgcolor=\"#FFFF99\" height=\"17\">3.<\/td>\n<td align=\"CENTER\" bgcolor=\"#FFFF99\">B.Podol\u00ed B<\/td>\n<td align=\"CENTER\">2:3<\/td>\n<td align=\"CENTER\">2:2<\/td>\n<td align=\"CENTER\" bgcolor=\"#000000\"><span style=\"color: #000000\">&#8212; <\/span><\/td>\n<td align=\"CENTER\">1:5<\/td>\n<td align=\"CENTER\">1:4<\/td>\n<td align=\"CENTER\">3:2<\/td>\n<td align=\"CENTER\">4:2<\/td>\n<td align=\"CENTER\">5:0<\/td>\n<td align=\"CENTER\">2:5<\/td>\n<td align=\"CENTER\">6:2<\/td>\n<td align=\"CENTER\">2:4<\/td>\n<td align=\"CENTER\">2:2<\/td>\n<td align=\"CENTER\">7:1<\/td>\n<td align=\"CENTER\">2:3<\/td>\n<td align=\"CENTER\">3:0<\/td>\n<\/tr>\n<tr>\n<td align=\"CENTER\" bgcolor=\"#FFFF99\" height=\"17\">4.<\/td>\n<td align=\"CENTER\" bgcolor=\"#FFFF99\">Brat\u010dice<\/td>\n<td align=\"CENTER\">2:1<\/td>\n<td align=\"CENTER\">5:1<\/td>\n<td align=\"CENTER\">2:0<\/td>\n<td align=\"CENTER\" bgcolor=\"#000000\"><span style=\"color: #000000\">&#8212; <\/span><\/td>\n<td align=\"CENTER\">1:3<\/td>\n<td align=\"CENTER\">1:3<\/td>\n<td align=\"CENTER\">2:0<\/td>\n<td align=\"CENTER\">5:0<\/td>\n<td align=\"CENTER\">2:2<\/td>\n<td align=\"CENTER\">0:0<\/td>\n<td align=\"CENTER\">4:2<\/td>\n<td align=\"CENTER\">5:1<\/td>\n<td align=\"CENTER\">5:1<\/td>\n<td align=\"CENTER\">4:4<\/td>\n<td align=\"CENTER\">4:2<\/td>\n<\/tr>\n<tr>\n<td align=\"CENTER\" bgcolor=\"#FFFF99\" height=\"17\">5.<\/td>\n<td align=\"CENTER\" bgcolor=\"#FFFF99\">H.Bu\u010dice<\/td>\n<td align=\"CENTER\">2:1<\/td>\n<td align=\"CENTER\">3:0<\/td>\n<td align=\"CENTER\">5:2<\/td>\n<td align=\"CENTER\">1:2<\/td>\n<td align=\"CENTER\" bgcolor=\"#000000\"><span style=\"color: #000000\">&#8212; <\/span><\/td>\n<td align=\"CENTER\">5:2<\/td>\n<td align=\"CENTER\">1:0<\/td>\n<td align=\"CENTER\">14:1<\/td>\n<td align=\"CENTER\">2:2<\/td>\n<td align=\"CENTER\">2:0<\/td>\n<td align=\"CENTER\">1:2<\/td>\n<td align=\"CENTER\">7:1<\/td>\n<td align=\"CENTER\">9:0<\/td>\n<td align=\"CENTER\">2:0<\/td>\n<td align=\"CENTER\">4:0<\/td>\n<\/tr>\n<tr>\n<td align=\"CENTER\" bgcolor=\"#FFFF99\" height=\"17\">6.<\/td>\n<td align=\"CENTER\" bgcolor=\"#FFFF99\">\u017dleby B<\/td>\n<td align=\"CENTER\">2:2<\/td>\n<td align=\"CENTER\">4:0<\/td>\n<td align=\"CENTER\">4:0<\/td>\n<td align=\"CENTER\">0:2<\/td>\n<td align=\"CENTER\">1:3<\/td>\n<td align=\"CENTER\" bgcolor=\"#000000\"><span style=\"color: #000000\">&#8212; <\/span><\/td>\n<td align=\"CENTER\">2:1<\/td>\n<td align=\"CENTER\">9:0<\/td>\n<td align=\"CENTER\">1:4<\/td>\n<td align=\"CENTER\">3:0<\/td>\n<td align=\"CENTER\">2:4<\/td>\n<td align=\"CENTER\">3:1<\/td>\n<td align=\"CENTER\">7:2<\/td>\n<td align=\"CENTER\">3:1<\/td>\n<td align=\"CENTER\">3:3<\/td>\n<\/tr>\n<tr>\n<td align=\"CENTER\" bgcolor=\"#FFFF99\" height=\"17\">7.<\/td>\n<td align=\"CENTER\" bgcolor=\"#FFFF99\">Vlkane\u010d<\/td>\n<td align=\"CENTER\">0:1<\/td>\n<td align=\"CENTER\">4:0<\/td>\n<td align=\"CENTER\">4:2<\/td>\n<td align=\"CENTER\">1:2<\/td>\n<td align=\"CENTER\">4:4<\/td>\n<td align=\"CENTER\">0:0<\/td>\n<td align=\"CENTER\" bgcolor=\"#000000\"><span style=\"color: #000000\">&#8212; <\/span><\/td>\n<td align=\"CENTER\">4:1<\/td>\n<td align=\"CENTER\">1:6<\/td>\n<td align=\"CENTER\">2:4<\/td>\n<td align=\"CENTER\">1:3<\/td>\n<td align=\"CENTER\">1:1<\/td>\n<td align=\"CENTER\">0:0<\/td>\n<td align=\"CENTER\">4:2<\/td>\n<td align=\"CENTER\">0:1<\/td>\n<\/tr>\n<tr>\n<td align=\"CENTER\" bgcolor=\"#FFFF99\" height=\"17\">8.<\/td>\n<td align=\"CENTER\" bgcolor=\"#FFFF99\">Ok\u0159esane\u010d<\/td>\n<td align=\"CENTER\">0:4<\/td>\n<td align=\"CENTER\">0:4<\/td>\n<td align=\"CENTER\">6:4<\/td>\n<td align=\"CENTER\">0:10<\/td>\n<td align=\"CENTER\">1:8<\/td>\n<td align=\"CENTER\">0:13<\/td>\n<td align=\"CENTER\">3:1<\/td>\n<td align=\"CENTER\" bgcolor=\"#000000\"><span style=\"color: #000000\">&#8212; <\/span><\/td>\n<td align=\"CENTER\">1:13<\/td>\n<td align=\"CENTER\">2:4<\/td>\n<td align=\"CENTER\">2:4<\/td>\n<td align=\"CENTER\">2:4<\/td>\n<td align=\"CENTER\">1:3<\/td>\n<td align=\"CENTER\">1:2<\/td>\n<td align=\"CENTER\">1:8<\/td>\n<\/tr>\n<tr>\n<td align=\"CENTER\" bgcolor=\"#FFFF99\" height=\"17\">9.<\/td>\n<td align=\"CENTER\" bgcolor=\"#FFFF99\">Kluky<\/td>\n<td align=\"CENTER\">4:2<\/td>\n<td align=\"CENTER\">2:0<\/td>\n<td align=\"CENTER\">5:1<\/td>\n<td align=\"CENTER\">5:0<\/td>\n<td align=\"CENTER\">0:3<\/td>\n<td align=\"CENTER\">4:0<\/td>\n<td align=\"CENTER\">2:1<\/td>\n<td align=\"CENTER\">6:1<\/td>\n<td align=\"CENTER\" bgcolor=\"#000000\"><span style=\"color: #000000\">&#8212; <\/span><\/td>\n<td align=\"CENTER\">2:2<\/td>\n<td align=\"CENTER\">1:3<\/td>\n<td align=\"CENTER\">2:1<\/td>\n<td align=\"CENTER\">6:0<\/td>\n<td align=\"CENTER\">6:1<\/td>\n<td align=\"CENTER\">6:0<\/td>\n<\/tr>\n<tr>\n<td align=\"CENTER\" bgcolor=\"#FFFF99\" height=\"17\">10.<\/td>\n<td align=\"CENTER\" bgcolor=\"#FFFF99\">Chotusice B<\/td>\n<td align=\"CENTER\">3:3<\/td>\n<td align=\"CENTER\">2:0<\/td>\n<td align=\"CENTER\">3:2<\/td>\n<td align=\"CENTER\">0:3<\/td>\n<td align=\"CENTER\">2:3<\/td>\n<td align=\"CENTER\">2:1<\/td>\n<td align=\"CENTER\">1:1<\/td>\n<td align=\"CENTER\">4:0<\/td>\n<td align=\"CENTER\">1:1<\/td>\n<td align=\"CENTER\" bgcolor=\"#000000\"><span style=\"color: #000000\">&#8212; <\/span><\/td>\n<td align=\"CENTER\">2:2<\/td>\n<td align=\"CENTER\">1:3<\/td>\n<td align=\"CENTER\">3:2<\/td>\n<td align=\"CENTER\">2:1<\/td>\n<td align=\"CENTER\">4:2<\/td>\n<\/tr>\n<tr>\n<td align=\"CENTER\" bgcolor=\"#FFFF99\" height=\"17\">11.<\/td>\n<td align=\"CENTER\" bgcolor=\"#FFFF99\">Z\u00e1bo\u0159\u00ed<\/td>\n<td align=\"CENTER\">2:2<\/td>\n<td align=\"CENTER\">3:1<\/td>\n<td align=\"CENTER\">8:0<\/td>\n<td align=\"CENTER\">1:2<\/td>\n<td align=\"CENTER\">2:1<\/td>\n<td align=\"CENTER\">0:2<\/td>\n<td align=\"CENTER\">3:1<\/td>\n<td align=\"CENTER\">6:0<\/td>\n<td align=\"CENTER\">1:1<\/td>\n<td align=\"CENTER\">6:0<\/td>\n<td align=\"CENTER\" bgcolor=\"#000000\"><span style=\"color: #000000\">&#8212; <\/span><\/td>\n<td align=\"CENTER\">5:0<\/td>\n<td align=\"CENTER\">5:2<\/td>\n<td align=\"CENTER\">1:2<\/td>\n<td align=\"CENTER\">6:1<\/td>\n<\/tr>\n<tr>\n<td align=\"CENTER\" bgcolor=\"#FFFF99\" height=\"17\">12.<\/td>\n<td align=\"CENTER\" bgcolor=\"#FFFF99\">\u0160trampouch<\/td>\n<td align=\"CENTER\">3:5<\/td>\n<td align=\"CENTER\">6:1<\/td>\n<td align=\"CENTER\">2:2<\/td>\n<td align=\"CENTER\">1:4<\/td>\n<td align=\"CENTER\">0:2<\/td>\n<td align=\"CENTER\">5:0<\/td>\n<td align=\"CENTER\">4:3<\/td>\n<td align=\"CENTER\">7:1<\/td>\n<td align=\"CENTER\">0:2<\/td>\n<td align=\"CENTER\">1:1<\/td>\n<td align=\"CENTER\">4:0<\/td>\n<td align=\"CENTER\" bgcolor=\"#000000\"><span style=\"color: #000000\">&#8212; <\/span><\/td>\n<td align=\"CENTER\">1:1<\/td>\n<td align=\"CENTER\">1:3<\/td>\n<td align=\"CENTER\">8:0<\/td>\n<\/tr>\n<tr>\n<td align=\"CENTER\" bgcolor=\"#FFFF99\" height=\"17\">13.<\/td>\n<td align=\"CENTER\" bgcolor=\"#FFFF99\">Horu\u0161ice<\/td>\n<td align=\"CENTER\">2:2<\/td>\n<td align=\"CENTER\">4:1<\/td>\n<td align=\"CENTER\">2:1<\/td>\n<td align=\"CENTER\">0:0<\/td>\n<td align=\"CENTER\">1:4<\/td>\n<td align=\"CENTER\">0:4<\/td>\n<td align=\"CENTER\">0:4<\/td>\n<td align=\"CENTER\">4:2<\/td>\n<td align=\"CENTER\">0:3<\/td>\n<td align=\"CENTER\">1:2<\/td>\n<td align=\"CENTER\">2:2<\/td>\n<td align=\"CENTER\">0:5<\/td>\n<td align=\"CENTER\" bgcolor=\"#000000\"><span style=\"color: #000000\">&#8212; <\/span><\/td>\n<td align=\"CENTER\">1:4<\/td>\n<td align=\"CENTER\">2:3<\/td>\n<\/tr>\n<tr>\n<td align=\"CENTER\" bgcolor=\"#FFFF99\" height=\"17\">14.<\/td>\n<td align=\"CENTER\" bgcolor=\"#FFFF99\">Hostovlice<\/td>\n<td align=\"CENTER\">5:4<\/td>\n<td align=\"CENTER\">2:2<\/td>\n<td align=\"CENTER\">1:1<\/td>\n<td align=\"CENTER\">2:4<\/td>\n<td align=\"CENTER\">0:3<\/td>\n<td align=\"CENTER\">3:2<\/td>\n<td align=\"CENTER\">1:3<\/td>\n<td align=\"CENTER\">8:0<\/td>\n<td align=\"CENTER\">2:3<\/td>\n<td align=\"CENTER\">1:1<\/td>\n<td align=\"CENTER\">1:1<\/td>\n<td align=\"CENTER\">3:2<\/td>\n<td align=\"CENTER\">3:1<\/td>\n<td align=\"CENTER\" bgcolor=\"#000000\"><span style=\"color: #000000\">&#8212; <\/span><\/td>\n<td align=\"CENTER\">4:1<\/td>\n<\/tr>\n<tr>\n<td align=\"CENTER\" bgcolor=\"#FFFF99\" height=\"17\">15.<\/td>\n<td align=\"CENTER\" bgcolor=\"#FFFF99\">Zb\u00fd\u0161ov B<\/td>\n<td align=\"CENTER\">3:5<\/td>\n<td align=\"CENTER\">8:1<\/td>\n<td align=\"CENTER\">4:8<\/td>\n<td align=\"CENTER\">6:2<\/td>\n<td align=\"CENTER\">0:2<\/td>\n<td align=\"CENTER\">5:4<\/td>\n<td align=\"CENTER\">1:1<\/td>\n<td align=\"CENTER\">5:2<\/td>\n<td align=\"CENTER\">2:6<\/td>\n<td align=\"CENTER\">6:1<\/td>\n<td align=\"CENTER\">3:4<\/td>\n<td align=\"CENTER\">2:1<\/td>\n<td align=\"CENTER\">2:2<\/td>\n<td align=\"CENTER\">2:3<\/td>\n<td align=\"CENTER\" bgcolor=\"#000000\"><span style=\"color: #000000\">&#8212; <\/span><\/td>\n<\/tr>\n<\/tbody>\n<\/table>\n<p>zdroj : http:\/\/nv.fotbal.cz\/<\/p>\n<div><\/div>\n","protected":false},"excerpt":{"rendered":"<p>\u00a0\u00a0TABULKA 2009\/10 Rk. T\u00fdm Z\u00e1p + 0 &#8211; Sk\u00f3re Body (Prav) 1. H.Bu\u010dice 28 23 2 3 106: 27 71 ( 29) 2. Kluky 28 21 5 2 105: 33 68 ( 26) 3. Brat\u010dice 28 20 4 4 83: 40 64 ( 22) 4. Z\u00e1bo\u0159\u00ed 28 16 6 6 81: 46 54 ( 12) [&hellip;]<\/p>\n","protected":false},"author":1,"featured_media":0,"parent":1177,"menu_order":20,"comment_status":"closed","ping_status":"closed","template":"","meta":{"ngg_post_thumbnail":0,"footnotes":""},"class_list":["post-93","page","type-page","status-publish","hentry"],"_links":{"self":[{"href":"http:\/\/tjsokolokresanec.cz\/index.php?rest_route=\/wp\/v2\/pages\/93","targetHints":{"allow":["GET"]}}],"collection":[{"href":"http:\/\/tjsokolokresanec.cz\/index.php?rest_route=\/wp\/v2\/pages"}],"about":[{"href":"http:\/\/tjsokolokresanec.cz\/index.php?rest_route=\/wp\/v2\/types\/page"}],"author":[{"embeddable":true,"href":"http:\/\/tjsokolokresanec.cz\/index.php?rest_route=\/wp\/v2\/users\/1"}],"replies":[{"embeddable":true,"href":"http:\/\/tjsokolokresanec.cz\/index.php?rest_route=%2Fwp%2Fv2%2Fcomments&post=93"}],"version-history":[{"count":0,"href":"http:\/\/tjsokolokresanec.cz\/index.php?rest_route=\/wp\/v2\/pages\/93\/revisions"}],"up":[{"embeddable":true,"href":"http:\/\/tjsokolokresanec.cz\/index.php?rest_route=\/wp\/v2\/pages\/1177"}],"wp:attachment":[{"href":"http:\/\/tjsokolokresanec.cz\/index.php?rest_route=%2Fwp%2Fv2%2Fmedia&parent=93"}],"curies":[{"name":"wp","href":"https:\/\/api.w.org\/{rel}","templated":true}]}}