{"id":58,"date":"2013-11-22T12:11:46","date_gmt":"2013-11-22T12:11:46","guid":{"rendered":"http:\/\/tjsokolokresanec.microweb.cz\/?page_id=58"},"modified":"2013-11-22T12:11:46","modified_gmt":"2013-11-22T12:11:46","slug":"2011-2","status":"publish","type":"page","link":"http:\/\/tjsokolokresanec.cz\/?page_id=58","title":{"rendered":"2011\/12"},"content":{"rendered":"<table border=\"0\" rules=\"NONE\" cellspacing=\"0\">\n<col width=\"86\" \/>\n<col width=\"86\" \/>\n<col width=\"57\" \/>\n<col width=\"57\" \/>\n<col width=\"57\" \/>\n<col width=\"57\" \/>\n<col width=\"57\" \/>\n<col width=\"57\" \/>\n<col width=\"57\" \/>\n<tbody>\n<tr>\n<td colspan=\"9\" align=\"LEFT\" width=\"568\" height=\"22\"><b><span style=\"font-family: Times New Roman;font-size: medium\">\u00a0\u00a0TABULKA 2011\/12<\/span><\/b><\/td>\n<\/tr>\n<tr>\n<td align=\"CENTER\" valign=\"MIDDLE\" height=\"19\"><b><span style=\"font-family: Times New Roman\">Rk. <\/span><\/b><\/td>\n<td align=\"CENTER\" valign=\"MIDDLE\"><b><span style=\"font-family: Times New Roman\">T\u00fdm<\/span><\/b><\/td>\n<td align=\"CENTER\" valign=\"MIDDLE\"><b><span style=\"font-family: Times New Roman\">Z\u00e1p<\/span><\/b><\/td>\n<td align=\"CENTER\" valign=\"MIDDLE\"><b><span style=\"font-family: Times New Roman\">+<\/span><\/b><\/td>\n<td align=\"CENTER\" valign=\"MIDDLE\"><b><span style=\"font-family: Times New Roman\">0<\/span><\/b><\/td>\n<td align=\"CENTER\" valign=\"MIDDLE\"><b><span style=\"font-family: Times New Roman\">&#8211;<\/span><\/b><\/td>\n<td align=\"CENTER\" valign=\"MIDDLE\"><b><span style=\"font-family: Times New Roman\">Sk\u00f3re<\/span><\/b><\/td>\n<td align=\"CENTER\" valign=\"MIDDLE\"><b><span style=\"font-family: Times New Roman\">Body<\/span><\/b><\/td>\n<td align=\"CENTER\" valign=\"MIDDLE\"><b><span style=\"font-family: Times New Roman\">(Prav)<\/span><\/b><\/td>\n<\/tr>\n<tr>\n<td align=\"CENTER\" height=\"17\">1.<\/td>\n<td align=\"CENTER\">B.Podol\u00ed B<\/td>\n<td align=\"CENTER\">24<\/td>\n<td align=\"CENTER\">19<\/td>\n<td align=\"CENTER\">5<\/td>\n<td align=\"CENTER\">0<\/td>\n<td align=\"CENTER\">84: 23<\/td>\n<td align=\"CENTER\">62<\/td>\n<td align=\"CENTER\">( 26)<\/td>\n<\/tr>\n<tr>\n<td align=\"CENTER\" height=\"17\">2.<\/td>\n<td align=\"CENTER\">Vrdy B<\/td>\n<td align=\"CENTER\">24<\/td>\n<td align=\"CENTER\">15<\/td>\n<td align=\"CENTER\">3<\/td>\n<td align=\"CENTER\">6<\/td>\n<td align=\"CENTER\">58: 45<\/td>\n<td align=\"CENTER\">48<\/td>\n<td align=\"CENTER\">( 12)<\/td>\n<\/tr>\n<tr>\n<td align=\"CENTER\" height=\"17\">3.<\/td>\n<td align=\"CENTER\">\u0160trampouch<\/td>\n<td align=\"CENTER\">24<\/td>\n<td align=\"CENTER\">14<\/td>\n<td align=\"CENTER\">3<\/td>\n<td align=\"CENTER\">7<\/td>\n<td align=\"CENTER\">63: 45<\/td>\n<td align=\"CENTER\">45<\/td>\n<td align=\"CENTER\">( 9)<\/td>\n<\/tr>\n<tr>\n<td align=\"CENTER\" height=\"17\">4.<\/td>\n<td align=\"CENTER\">Zb\u00fd\u0161ov B<\/td>\n<td align=\"CENTER\">24<\/td>\n<td align=\"CENTER\">14<\/td>\n<td align=\"CENTER\">3<\/td>\n<td align=\"CENTER\">7<\/td>\n<td align=\"CENTER\">84: 60<\/td>\n<td align=\"CENTER\">45<\/td>\n<td align=\"CENTER\">( 9)<\/td>\n<\/tr>\n<tr>\n<td align=\"CENTER\" height=\"17\">5.<\/td>\n<td align=\"CENTER\">Z\u00e1bo\u0159\u00ed<\/td>\n<td align=\"CENTER\">24<\/td>\n<td align=\"CENTER\">13<\/td>\n<td align=\"CENTER\">3<\/td>\n<td align=\"CENTER\">8<\/td>\n<td align=\"CENTER\">61: 34<\/td>\n<td align=\"CENTER\">42<\/td>\n<td align=\"CENTER\">( 6)<\/td>\n<\/tr>\n<tr>\n<td align=\"CENTER\" height=\"17\">6.<\/td>\n<td align=\"CENTER\">Ka\u010dina<\/td>\n<td align=\"CENTER\">24<\/td>\n<td align=\"CENTER\">10<\/td>\n<td align=\"CENTER\">5<\/td>\n<td align=\"CENTER\">9<\/td>\n<td align=\"CENTER\">48: 53<\/td>\n<td align=\"CENTER\">35<\/td>\n<td align=\"CENTER\">( -1)<\/td>\n<\/tr>\n<tr>\n<td align=\"CENTER\" height=\"17\">7.<\/td>\n<td align=\"CENTER\">Horu\u0161ice<\/td>\n<td align=\"CENTER\">24<\/td>\n<td align=\"CENTER\">10<\/td>\n<td align=\"CENTER\">3<\/td>\n<td align=\"CENTER\">11<\/td>\n<td align=\"CENTER\">44: 50<\/td>\n<td align=\"CENTER\">33<\/td>\n<td align=\"CENTER\">( -3)<\/td>\n<\/tr>\n<tr>\n<td align=\"CENTER\" height=\"17\">8.<\/td>\n<td align=\"CENTER\">Chotusice<\/td>\n<td align=\"CENTER\">24<\/td>\n<td align=\"CENTER\">9<\/td>\n<td align=\"CENTER\">3<\/td>\n<td align=\"CENTER\">12<\/td>\n<td align=\"CENTER\">44: 64<\/td>\n<td align=\"CENTER\">30<\/td>\n<td align=\"CENTER\">( -6)<\/td>\n<\/tr>\n<tr>\n<td align=\"CENTER\" height=\"17\">9.<\/td>\n<td align=\"CENTER\">Horky<\/td>\n<td align=\"CENTER\">24<\/td>\n<td align=\"CENTER\">9<\/td>\n<td align=\"CENTER\">1<\/td>\n<td align=\"CENTER\">14<\/td>\n<td align=\"CENTER\">52: 58<\/td>\n<td align=\"CENTER\">28<\/td>\n<td align=\"CENTER\">( -8)<\/td>\n<\/tr>\n<tr>\n<td align=\"CENTER\" height=\"17\">10.<\/td>\n<td align=\"CENTER\">Hostovlice<\/td>\n<td align=\"CENTER\">24<\/td>\n<td align=\"CENTER\">9<\/td>\n<td align=\"CENTER\">3<\/td>\n<td align=\"CENTER\">12<\/td>\n<td align=\"CENTER\">63: 60<\/td>\n<td align=\"CENTER\">27<\/td>\n<td align=\"CENTER\">( -6)<\/td>\n<\/tr>\n<tr>\n<td align=\"CENTER\" height=\"17\">11.<\/td>\n<td align=\"CENTER\">Vlkane\u010d<\/td>\n<td align=\"CENTER\">24<\/td>\n<td align=\"CENTER\">6<\/td>\n<td align=\"CENTER\">3<\/td>\n<td align=\"CENTER\">15<\/td>\n<td align=\"CENTER\">41: 66<\/td>\n<td align=\"CENTER\">21<\/td>\n<td align=\"CENTER\">(-15)<\/td>\n<\/tr>\n<tr>\n<td align=\"CENTER\" height=\"17\">12.<\/td>\n<td align=\"CENTER\">\u017dleby B<\/td>\n<td align=\"CENTER\">24<\/td>\n<td align=\"CENTER\">6<\/td>\n<td align=\"CENTER\">1<\/td>\n<td align=\"CENTER\">17<\/td>\n<td align=\"CENTER\">50: 84<\/td>\n<td align=\"CENTER\">19<\/td>\n<td align=\"CENTER\">(-17)<\/td>\n<\/tr>\n<tr>\n<td align=\"CENTER\" height=\"17\">13.<\/td>\n<td align=\"CENTER\">Ok\u0159esane\u010d<\/td>\n<td align=\"CENTER\">24<\/td>\n<td align=\"CENTER\">2<\/td>\n<td align=\"CENTER\">4<\/td>\n<td align=\"CENTER\">18<\/td>\n<td align=\"CENTER\">39: 89<\/td>\n<td align=\"CENTER\">7<\/td>\n<td align=\"CENTER\">(-26)<\/td>\n<\/tr>\n<\/tbody>\n<\/table>\n<p>xxxxxxxxxxxxxxxxxxxxxxxxxxxxxxxxxxxxxxxxxxxxxxxxxxxxxxxxxxxxxxxxxxxxxxxxxxxxxxxxxxxxxxxxxxxxxxxxxxxxxxxxxxxxxxxxxxxxxxxxxxxxxxxxxxxxxxxxxx<\/p>\n<table border=\"0\" rules=\"NONE\" cellspacing=\"0\">\n<col width=\"86\" \/>\n<col width=\"86\" \/>\n<col width=\"57\" \/>\n<col width=\"57\" \/>\n<col width=\"57\" \/>\n<col width=\"57\" \/>\n<col width=\"57\" \/>\n<col width=\"57\" \/>\n<col width=\"57\" \/>\n<col width=\"57\" \/>\n<col width=\"57\" \/>\n<col width=\"57\" \/>\n<col width=\"57\" \/>\n<col width=\"57\" \/>\n<col width=\"57\" \/>\n<col width=\"57\" \/>\n<tbody>\n<tr>\n<td colspan=\"9\" align=\"LEFT\" width=\"568\" height=\"23\"><b><span style=\"color: #000000;font-family: Segoe UI;font-size: medium\"> K\u0158\u00cd\u017dOV\u00c1 TABULKA<\/span><\/b><\/td>\n<td align=\"LEFT\" width=\"57\"><\/td>\n<td align=\"LEFT\" width=\"57\"><\/td>\n<td align=\"LEFT\" width=\"57\"><\/td>\n<td align=\"LEFT\" width=\"57\"><\/td>\n<td align=\"LEFT\" width=\"57\"><\/td>\n<td align=\"LEFT\" width=\"57\"><\/td>\n<td align=\"LEFT\" width=\"57\"><\/td>\n<\/tr>\n<tr>\n<td align=\"CENTER\" valign=\"MIDDLE\" bgcolor=\"#FFFF99\" height=\"17\"><\/td>\n<td align=\"CENTER\" valign=\"MIDDLE\" bgcolor=\"#FFFF99\"><\/td>\n<td align=\"CENTER\" valign=\"MIDDLE\" bgcolor=\"#FFFF99\">1<\/td>\n<td align=\"CENTER\" valign=\"MIDDLE\" bgcolor=\"#FFFF99\"><\/td>\n<td align=\"CENTER\" valign=\"MIDDLE\" bgcolor=\"#FFFF99\">2<\/td>\n<td align=\"CENTER\" valign=\"MIDDLE\" bgcolor=\"#FFFF99\">3<\/td>\n<td align=\"CENTER\" valign=\"MIDDLE\" bgcolor=\"#FFFF99\">4<\/td>\n<td align=\"CENTER\" valign=\"MIDDLE\" bgcolor=\"#FFFF99\">5<\/td>\n<td align=\"CENTER\" valign=\"MIDDLE\" bgcolor=\"#FFFF99\">6<\/td>\n<td align=\"CENTER\" valign=\"MIDDLE\" bgcolor=\"#FFFF99\">7<\/td>\n<td align=\"CENTER\" valign=\"MIDDLE\" bgcolor=\"#FFFF99\">8<\/td>\n<td align=\"CENTER\" valign=\"MIDDLE\" bgcolor=\"#FFFF99\">9<\/td>\n<td align=\"CENTER\" valign=\"MIDDLE\" bgcolor=\"#FFFF99\">10<\/td>\n<td align=\"CENTER\" valign=\"MIDDLE\" bgcolor=\"#FFFF99\">11<\/td>\n<td align=\"CENTER\" valign=\"MIDDLE\" bgcolor=\"#FFFF99\">12<\/td>\n<td align=\"CENTER\" valign=\"MIDDLE\" bgcolor=\"#FFFF99\">13<\/td>\n<\/tr>\n<tr>\n<td align=\"CENTER\" valign=\"MIDDLE\" bgcolor=\"#FFFF99\" height=\"17\">1.<\/td>\n<td align=\"CENTER\" valign=\"MIDDLE\" bgcolor=\"#FFFF99\">Hostovlice<\/td>\n<td align=\"CENTER\" valign=\"MIDDLE\" bgcolor=\"#000000\">&#8212;<\/td>\n<td align=\"CENTER\" valign=\"MIDDLE\" bgcolor=\"#000000\"><\/td>\n<td align=\"CENTER\" valign=\"MIDDLE\">2:2<\/td>\n<td align=\"CENTER\" valign=\"MIDDLE\">1:2<\/td>\n<td align=\"CENTER\" valign=\"MIDDLE\">5:1<\/td>\n<td align=\"CENTER\" valign=\"MIDDLE\">1:1<\/td>\n<td align=\"CENTER\" valign=\"MIDDLE\">2:1<\/td>\n<td align=\"CENTER\" valign=\"MIDDLE\">4:2<\/td>\n<td align=\"CENTER\" valign=\"MIDDLE\">5:1<\/td>\n<td align=\"CENTER\" valign=\"MIDDLE\">3:5<\/td>\n<td align=\"CENTER\" valign=\"MIDDLE\">6:0<\/td>\n<td align=\"CENTER\" valign=\"MIDDLE\">0:4<\/td>\n<td align=\"CENTER\" valign=\"MIDDLE\">5:6<\/td>\n<td align=\"CENTER\" valign=\"MIDDLE\">2:5<\/td>\n<\/tr>\n<tr>\n<td align=\"CENTER\" valign=\"MIDDLE\" bgcolor=\"#FFFF99\" height=\"17\"><\/td>\n<td align=\"CENTER\" valign=\"MIDDLE\" bgcolor=\"#FFFF99\">volno<\/td>\n<td align=\"CENTER\" valign=\"MIDDLE\" bgcolor=\"#000000\"><\/td>\n<td align=\"CENTER\" valign=\"MIDDLE\" bgcolor=\"#000000\"><span style=\"color: #000000\">&#8212; <\/span><\/td>\n<td align=\"CENTER\" valign=\"MIDDLE\" bgcolor=\"#000000\"><\/td>\n<td align=\"CENTER\" valign=\"MIDDLE\" bgcolor=\"#000000\"><\/td>\n<td align=\"CENTER\" valign=\"MIDDLE\" bgcolor=\"#000000\"><\/td>\n<td align=\"CENTER\" valign=\"MIDDLE\" bgcolor=\"#000000\"><\/td>\n<td align=\"CENTER\" valign=\"MIDDLE\" bgcolor=\"#000000\"><\/td>\n<td align=\"CENTER\" valign=\"MIDDLE\" bgcolor=\"#000000\"><\/td>\n<td align=\"CENTER\" valign=\"MIDDLE\" bgcolor=\"#000000\"><\/td>\n<td align=\"CENTER\" valign=\"MIDDLE\" bgcolor=\"#000000\"><\/td>\n<td align=\"CENTER\" valign=\"MIDDLE\" bgcolor=\"#000000\"><\/td>\n<td align=\"CENTER\" valign=\"MIDDLE\" bgcolor=\"#000000\"><\/td>\n<td align=\"CENTER\" valign=\"MIDDLE\" bgcolor=\"#000000\"><\/td>\n<td align=\"CENTER\" valign=\"MIDDLE\" bgcolor=\"#000000\"><\/td>\n<\/tr>\n<tr>\n<td align=\"CENTER\" valign=\"MIDDLE\" bgcolor=\"#FFFF99\" height=\"17\">2.<\/td>\n<td align=\"CENTER\" valign=\"MIDDLE\" bgcolor=\"#FFFF99\">\u0160trampouch<\/td>\n<td align=\"CENTER\" valign=\"MIDDLE\">2:1<\/td>\n<td align=\"CENTER\" valign=\"MIDDLE\" bgcolor=\"#000000\"><\/td>\n<td align=\"CENTER\" valign=\"MIDDLE\" bgcolor=\"#000000\">&#8212;<\/td>\n<td align=\"CENTER\" valign=\"MIDDLE\">3:0<\/td>\n<td align=\"CENTER\" valign=\"MIDDLE\">0:0<\/td>\n<td align=\"CENTER\" valign=\"MIDDLE\">1:1<\/td>\n<td align=\"CENTER\" valign=\"MIDDLE\">4:0<\/td>\n<td align=\"CENTER\" valign=\"MIDDLE\">2:1<\/td>\n<td align=\"CENTER\" valign=\"MIDDLE\">4:6<\/td>\n<td align=\"CENTER\" valign=\"MIDDLE\">4:0<\/td>\n<td align=\"CENTER\" valign=\"MIDDLE\">0:4<\/td>\n<td align=\"CENTER\" valign=\"MIDDLE\">3:0<\/td>\n<td align=\"CENTER\" valign=\"MIDDLE\">4:2<\/td>\n<td align=\"CENTER\" valign=\"MIDDLE\">2:1<\/td>\n<\/tr>\n<tr>\n<td align=\"CENTER\" valign=\"MIDDLE\" bgcolor=\"#FFFF99\" height=\"17\">3.<\/td>\n<td align=\"CENTER\" valign=\"MIDDLE\" bgcolor=\"#FFFF99\">Z\u00e1bo\u0159\u00ed<\/td>\n<td align=\"CENTER\" valign=\"MIDDLE\">4:0<\/td>\n<td align=\"CENTER\" valign=\"MIDDLE\" bgcolor=\"#000000\"><\/td>\n<td align=\"CENTER\" valign=\"MIDDLE\">6:0<\/td>\n<td align=\"CENTER\" valign=\"MIDDLE\" bgcolor=\"#000000\">&#8212;<\/td>\n<td align=\"CENTER\" valign=\"MIDDLE\">1:2<\/td>\n<td align=\"CENTER\" valign=\"MIDDLE\">1:2<\/td>\n<td align=\"CENTER\" valign=\"MIDDLE\">2:0<\/td>\n<td align=\"CENTER\" valign=\"MIDDLE\">10:0<\/td>\n<td align=\"CENTER\" valign=\"MIDDLE\">2:0<\/td>\n<td align=\"CENTER\" valign=\"MIDDLE\">0:1<\/td>\n<td align=\"CENTER\" valign=\"MIDDLE\">1:3<\/td>\n<td align=\"CENTER\" valign=\"MIDDLE\">2:0<\/td>\n<td align=\"CENTER\" valign=\"MIDDLE\">0:1<\/td>\n<td align=\"CENTER\" valign=\"MIDDLE\">2:1<\/td>\n<\/tr>\n<tr>\n<td align=\"CENTER\" valign=\"MIDDLE\" bgcolor=\"#FFFF99\" height=\"17\">4.<\/td>\n<td align=\"CENTER\" valign=\"MIDDLE\" bgcolor=\"#FFFF99\">Chotusice<\/td>\n<td align=\"CENTER\" valign=\"MIDDLE\">1:1<\/td>\n<td align=\"CENTER\" valign=\"MIDDLE\" bgcolor=\"#000000\"><\/td>\n<td align=\"CENTER\" valign=\"MIDDLE\">1:6<\/td>\n<td align=\"CENTER\" valign=\"MIDDLE\">2:3<\/td>\n<td align=\"CENTER\" valign=\"MIDDLE\" bgcolor=\"#000000\">&#8212;<\/td>\n<td align=\"CENTER\" valign=\"MIDDLE\">1:2<\/td>\n<td align=\"CENTER\" valign=\"MIDDLE\">4:3<\/td>\n<td align=\"CENTER\" valign=\"MIDDLE\">5:2<\/td>\n<td align=\"CENTER\" valign=\"MIDDLE\">0:2<\/td>\n<td align=\"CENTER\" valign=\"MIDDLE\">1:0<\/td>\n<td align=\"CENTER\" valign=\"MIDDLE\">5:2<\/td>\n<td align=\"CENTER\" valign=\"MIDDLE\">5:3<\/td>\n<td align=\"CENTER\" valign=\"MIDDLE\">2:3<\/td>\n<td align=\"CENTER\" valign=\"MIDDLE\">3:0<\/td>\n<\/tr>\n<tr>\n<td align=\"CENTER\" valign=\"MIDDLE\" bgcolor=\"#FFFF99\" height=\"17\">5.<\/td>\n<td align=\"CENTER\" valign=\"MIDDLE\" bgcolor=\"#FFFF99\">B.Podol\u00ed B<\/td>\n<td align=\"CENTER\" valign=\"MIDDLE\">4:1<\/td>\n<td align=\"CENTER\" valign=\"MIDDLE\" bgcolor=\"#000000\"><\/td>\n<td align=\"CENTER\" valign=\"MIDDLE\">5:0<\/td>\n<td align=\"CENTER\" valign=\"MIDDLE\">2:2<\/td>\n<td align=\"CENTER\" valign=\"MIDDLE\">5:2<\/td>\n<td align=\"CENTER\" valign=\"MIDDLE\" bgcolor=\"#000000\">&#8212;<\/td>\n<td align=\"CENTER\" valign=\"MIDDLE\">4:1<\/td>\n<td align=\"CENTER\" valign=\"MIDDLE\">3:0<\/td>\n<td align=\"CENTER\" valign=\"MIDDLE\">1:0<\/td>\n<td align=\"CENTER\" valign=\"MIDDLE\">7:2<\/td>\n<td align=\"CENTER\" valign=\"MIDDLE\">3:1<\/td>\n<td align=\"CENTER\" valign=\"MIDDLE\">8:0<\/td>\n<td align=\"CENTER\" valign=\"MIDDLE\">7:0<\/td>\n<td align=\"CENTER\" valign=\"MIDDLE\">4:0<\/td>\n<\/tr>\n<tr>\n<td align=\"CENTER\" valign=\"MIDDLE\" bgcolor=\"#FFFF99\" height=\"17\">6.<\/td>\n<td align=\"CENTER\" valign=\"MIDDLE\" bgcolor=\"#FFFF99\">Ok\u0159esane\u010d<\/td>\n<td align=\"CENTER\" valign=\"MIDDLE\">2:10<\/td>\n<td align=\"CENTER\" valign=\"MIDDLE\" bgcolor=\"#000000\"><\/td>\n<td align=\"CENTER\" valign=\"MIDDLE\">1:6<\/td>\n<td align=\"CENTER\" valign=\"MIDDLE\">2:2<\/td>\n<td align=\"CENTER\" valign=\"MIDDLE\">1:1<\/td>\n<td align=\"CENTER\" valign=\"MIDDLE\">3:6<\/td>\n<td align=\"CENTER\" valign=\"MIDDLE\" bgcolor=\"#000000\">&#8212;<\/td>\n<td align=\"CENTER\" valign=\"MIDDLE\">2:1<\/td>\n<td align=\"CENTER\" valign=\"MIDDLE\">3:3<\/td>\n<td align=\"CENTER\" valign=\"MIDDLE\">1:6<\/td>\n<td align=\"CENTER\" valign=\"MIDDLE\">2:5<\/td>\n<td align=\"CENTER\" valign=\"MIDDLE\">1:4<\/td>\n<td align=\"CENTER\" valign=\"MIDDLE\">0:0<\/td>\n<td align=\"CENTER\" valign=\"MIDDLE\">0:2<\/td>\n<\/tr>\n<tr>\n<td align=\"CENTER\" valign=\"MIDDLE\" bgcolor=\"#FFFF99\" height=\"17\">7.<\/td>\n<td align=\"CENTER\" valign=\"MIDDLE\" bgcolor=\"#FFFF99\">Horky<\/td>\n<td align=\"CENTER\" valign=\"MIDDLE\">5:0<\/td>\n<td align=\"CENTER\" valign=\"MIDDLE\" bgcolor=\"#000000\"><\/td>\n<td align=\"CENTER\" valign=\"MIDDLE\">4:3<\/td>\n<td align=\"CENTER\" valign=\"MIDDLE\">1:4<\/td>\n<td align=\"CENTER\" valign=\"MIDDLE\">8:0<\/td>\n<td align=\"CENTER\" valign=\"MIDDLE\">2:3<\/td>\n<td align=\"CENTER\" valign=\"MIDDLE\">4:1<\/td>\n<td align=\"CENTER\" valign=\"MIDDLE\" bgcolor=\"#000000\">&#8212;<\/td>\n<td align=\"CENTER\" valign=\"MIDDLE\">0:3<\/td>\n<td align=\"CENTER\" valign=\"MIDDLE\">3:2<\/td>\n<td align=\"CENTER\" valign=\"MIDDLE\">4:1<\/td>\n<td align=\"CENTER\" valign=\"MIDDLE\">3:1<\/td>\n<td align=\"CENTER\" valign=\"MIDDLE\">1:1<\/td>\n<td align=\"CENTER\" valign=\"MIDDLE\">3:0<\/td>\n<\/tr>\n<tr>\n<td align=\"CENTER\" valign=\"MIDDLE\" bgcolor=\"#FFFF99\" height=\"17\">8.<\/td>\n<td align=\"CENTER\" valign=\"MIDDLE\" bgcolor=\"#FFFF99\">Horu\u0161ice<\/td>\n<td align=\"CENTER\" valign=\"MIDDLE\">0:3<\/td>\n<td align=\"CENTER\" valign=\"MIDDLE\" bgcolor=\"#000000\"><\/td>\n<td align=\"CENTER\" valign=\"MIDDLE\">2:3<\/td>\n<td align=\"CENTER\" valign=\"MIDDLE\">1:3<\/td>\n<td align=\"CENTER\" valign=\"MIDDLE\">0:3<\/td>\n<td align=\"CENTER\" valign=\"MIDDLE\">1:1<\/td>\n<td align=\"CENTER\" valign=\"MIDDLE\">2:1<\/td>\n<td align=\"CENTER\" valign=\"MIDDLE\">2:1<\/td>\n<td align=\"CENTER\" valign=\"MIDDLE\" bgcolor=\"#000000\">&#8212;<\/td>\n<td align=\"CENTER\" valign=\"MIDDLE\">3:1<\/td>\n<td align=\"CENTER\" valign=\"MIDDLE\">2:1<\/td>\n<td align=\"CENTER\" valign=\"MIDDLE\">2:4<\/td>\n<td align=\"CENTER\" valign=\"MIDDLE\">1:2<\/td>\n<td align=\"CENTER\" valign=\"MIDDLE\">4:0<\/td>\n<\/tr>\n<tr>\n<td align=\"CENTER\" valign=\"MIDDLE\" bgcolor=\"#FFFF99\" height=\"17\">9.<\/td>\n<td align=\"CENTER\" valign=\"MIDDLE\" bgcolor=\"#FFFF99\">Zb\u00fd\u0161ov B<\/td>\n<td align=\"CENTER\" valign=\"MIDDLE\">3:1<\/td>\n<td align=\"CENTER\" valign=\"MIDDLE\" bgcolor=\"#000000\"><\/td>\n<td align=\"CENTER\" valign=\"MIDDLE\">4:2<\/td>\n<td align=\"CENTER\" valign=\"MIDDLE\">4:3<\/td>\n<td align=\"CENTER\" valign=\"MIDDLE\">6:0<\/td>\n<td align=\"CENTER\" valign=\"MIDDLE\">1:6<\/td>\n<td align=\"CENTER\" valign=\"MIDDLE\">5:4<\/td>\n<td align=\"CENTER\" valign=\"MIDDLE\">5:1<\/td>\n<td align=\"CENTER\" valign=\"MIDDLE\">4:0<\/td>\n<td align=\"CENTER\" valign=\"MIDDLE\" bgcolor=\"#000000\">&#8212;<\/td>\n<td align=\"CENTER\" valign=\"MIDDLE\">6:2<\/td>\n<td align=\"CENTER\" valign=\"MIDDLE\">8:2<\/td>\n<td align=\"CENTER\" valign=\"MIDDLE\">1:2<\/td>\n<td align=\"CENTER\" valign=\"MIDDLE\">6:2<\/td>\n<\/tr>\n<tr>\n<td align=\"CENTER\" valign=\"MIDDLE\" bgcolor=\"#FFFF99\" height=\"17\">10.<\/td>\n<td align=\"CENTER\" valign=\"MIDDLE\" bgcolor=\"#FFFF99\">Ka\u010dina<\/td>\n<td align=\"CENTER\" valign=\"MIDDLE\">4:3<\/td>\n<td align=\"CENTER\" valign=\"MIDDLE\" bgcolor=\"#000000\"><\/td>\n<td align=\"CENTER\" valign=\"MIDDLE\">0:2<\/td>\n<td align=\"CENTER\" valign=\"MIDDLE\">1:4<\/td>\n<td align=\"CENTER\" valign=\"MIDDLE\">3:0<\/td>\n<td align=\"CENTER\" valign=\"MIDDLE\">0:0<\/td>\n<td align=\"CENTER\" valign=\"MIDDLE\">3:1<\/td>\n<td align=\"CENTER\" valign=\"MIDDLE\">2:1<\/td>\n<td align=\"CENTER\" valign=\"MIDDLE\">1:1<\/td>\n<td align=\"CENTER\" valign=\"MIDDLE\">2:2<\/td>\n<td align=\"CENTER\" valign=\"MIDDLE\" bgcolor=\"#000000\">&#8212;<\/td>\n<td align=\"CENTER\" valign=\"MIDDLE\">4:1<\/td>\n<td align=\"CENTER\" valign=\"MIDDLE\">3:2<\/td>\n<td align=\"CENTER\" valign=\"MIDDLE\">1:0<\/td>\n<\/tr>\n<tr>\n<td align=\"CENTER\" valign=\"MIDDLE\" bgcolor=\"#FFFF99\" height=\"17\">11.<\/td>\n<td align=\"CENTER\" valign=\"MIDDLE\" bgcolor=\"#FFFF99\">\u017dleby B<\/td>\n<td align=\"CENTER\" valign=\"MIDDLE\">2:3<\/td>\n<td align=\"CENTER\" valign=\"MIDDLE\" bgcolor=\"#000000\"><\/td>\n<td align=\"CENTER\" valign=\"MIDDLE\">1:5<\/td>\n<td align=\"CENTER\" valign=\"MIDDLE\">4:2<\/td>\n<td align=\"CENTER\" valign=\"MIDDLE\">2:4<\/td>\n<td align=\"CENTER\" valign=\"MIDDLE\">2:4<\/td>\n<td align=\"CENTER\" valign=\"MIDDLE\">3:6<\/td>\n<td align=\"CENTER\" valign=\"MIDDLE\">2:1<\/td>\n<td align=\"CENTER\" valign=\"MIDDLE\">2:3<\/td>\n<td align=\"CENTER\" valign=\"MIDDLE\">3:4<\/td>\n<td align=\"CENTER\" valign=\"MIDDLE\">1:1<\/td>\n<td align=\"CENTER\" valign=\"MIDDLE\" bgcolor=\"#000000\">&#8212;<\/td>\n<td align=\"CENTER\" valign=\"MIDDLE\">0:5<\/td>\n<td align=\"CENTER\" valign=\"MIDDLE\">3:1<\/td>\n<\/tr>\n<tr>\n<td align=\"CENTER\" valign=\"MIDDLE\" bgcolor=\"#FFFF99\" height=\"17\">12.<\/td>\n<td align=\"CENTER\" valign=\"MIDDLE\" bgcolor=\"#FFFF99\">Vrdy B<\/td>\n<td align=\"CENTER\" valign=\"MIDDLE\">3:0<\/td>\n<td align=\"CENTER\" valign=\"MIDDLE\" bgcolor=\"#000000\"><\/td>\n<td align=\"CENTER\" valign=\"MIDDLE\">2:0<\/td>\n<td align=\"CENTER\" valign=\"MIDDLE\">0:2<\/td>\n<td align=\"CENTER\" valign=\"MIDDLE\">2:1<\/td>\n<td align=\"CENTER\" valign=\"MIDDLE\">0:2<\/td>\n<td align=\"CENTER\" valign=\"MIDDLE\">5:0<\/td>\n<td align=\"CENTER\" valign=\"MIDDLE\">1:4<\/td>\n<td align=\"CENTER\" valign=\"MIDDLE\">3:0<\/td>\n<td align=\"CENTER\" valign=\"MIDDLE\">4:4<\/td>\n<td align=\"CENTER\" valign=\"MIDDLE\">5:3<\/td>\n<td align=\"CENTER\" valign=\"MIDDLE\">4:3<\/td>\n<td align=\"CENTER\" valign=\"MIDDLE\" bgcolor=\"#000000\">&#8212;<\/td>\n<td align=\"CENTER\" valign=\"MIDDLE\">2:0<\/td>\n<\/tr>\n<tr>\n<td align=\"CENTER\" valign=\"MIDDLE\" bgcolor=\"#FFFF99\" height=\"17\">13.<\/td>\n<td align=\"CENTER\" valign=\"MIDDLE\" bgcolor=\"#FFFF99\">Vlkane\u010d<\/td>\n<td align=\"CENTER\" valign=\"MIDDLE\">0:4<\/td>\n<td align=\"CENTER\" valign=\"MIDDLE\" bgcolor=\"#000000\"><\/td>\n<td align=\"CENTER\" valign=\"MIDDLE\">1:5<\/td>\n<td align=\"CENTER\" valign=\"MIDDLE\">3:3<\/td>\n<td align=\"CENTER\" valign=\"MIDDLE\">4:0<\/td>\n<td align=\"CENTER\" valign=\"MIDDLE\">1:3<\/td>\n<td align=\"CENTER\" valign=\"MIDDLE\">5:3<\/td>\n<td align=\"CENTER\" valign=\"MIDDLE\">1:0<\/td>\n<td align=\"CENTER\" valign=\"MIDDLE\">2:5<\/td>\n<td align=\"CENTER\" valign=\"MIDDLE\">4:4<\/td>\n<td align=\"CENTER\" valign=\"MIDDLE\">1:1<\/td>\n<td align=\"CENTER\" valign=\"MIDDLE\">5:3<\/td>\n<td align=\"CENTER\" valign=\"MIDDLE\">2:3<\/td>\n<td align=\"CENTER\" valign=\"MIDDLE\" bgcolor=\"#000000\">&#8212;<\/td>\n<\/tr>\n<\/tbody>\n<\/table>\n<p>zdroj : http:\/\/nv.fotbal.cz\/<\/p>\n<div><\/div>\n","protected":false},"excerpt":{"rendered":"<p>\u00a0\u00a0TABULKA 2011\/12 Rk. T\u00fdm Z\u00e1p + 0 &#8211; Sk\u00f3re Body (Prav) 1. B.Podol\u00ed B 24 19 5 0 84: 23 62 ( 26) 2. Vrdy B 24 15 3 6 58: 45 48 ( 12) 3. \u0160trampouch 24 14 3 7 63: 45 45 ( 9) 4. Zb\u00fd\u0161ov B 24 14 3 7 84: 60 [&hellip;]<\/p>\n","protected":false},"author":1,"featured_media":0,"parent":1177,"menu_order":18,"comment_status":"closed","ping_status":"closed","template":"","meta":{"ngg_post_thumbnail":0,"footnotes":""},"class_list":["post-58","page","type-page","status-publish","hentry"],"_links":{"self":[{"href":"http:\/\/tjsokolokresanec.cz\/index.php?rest_route=\/wp\/v2\/pages\/58","targetHints":{"allow":["GET"]}}],"collection":[{"href":"http:\/\/tjsokolokresanec.cz\/index.php?rest_route=\/wp\/v2\/pages"}],"about":[{"href":"http:\/\/tjsokolokresanec.cz\/index.php?rest_route=\/wp\/v2\/types\/page"}],"author":[{"embeddable":true,"href":"http:\/\/tjsokolokresanec.cz\/index.php?rest_route=\/wp\/v2\/users\/1"}],"replies":[{"embeddable":true,"href":"http:\/\/tjsokolokresanec.cz\/index.php?rest_route=%2Fwp%2Fv2%2Fcomments&post=58"}],"version-history":[{"count":0,"href":"http:\/\/tjsokolokresanec.cz\/index.php?rest_route=\/wp\/v2\/pages\/58\/revisions"}],"up":[{"embeddable":true,"href":"http:\/\/tjsokolokresanec.cz\/index.php?rest_route=\/wp\/v2\/pages\/1177"}],"wp:attachment":[{"href":"http:\/\/tjsokolokresanec.cz\/index.php?rest_route=%2Fwp%2Fv2%2Fmedia&parent=58"}],"curies":[{"name":"wp","href":"https:\/\/api.w.org\/{rel}","templated":true}]}}