{"id":52,"date":"2013-11-22T12:06:03","date_gmt":"2013-11-22T12:06:03","guid":{"rendered":"http:\/\/tjsokolokresanec.microweb.cz\/?page_id=52"},"modified":"2020-09-08T05:18:22","modified_gmt":"2020-09-08T05:18:22","slug":"2012-2","status":"publish","type":"page","link":"http:\/\/tjsokolokresanec.cz\/?page_id=52","title":{"rendered":"2012\/13"},"content":{"rendered":"<table rules=\"NONE\" cellspacing=\"0\" border=\"0\">\n<tbody>\n<tr>\n<td colspan=\"9\" width=\"703\" height=\"17\" align=\"LEFT\"><b><span style=\"font-family: Times New Roman;font-size: medium\">&nbsp;&nbsp;TABULKA 2012\/13<\/span><\/b><\/td>\n<\/tr>\n<tr>\n<td valign=\"MIDDLE\" height=\"19\" align=\"CENTER\"><b><span style=\"font-family: Times New Roman\">Rk. <\/span><\/b><\/td>\n<td valign=\"MIDDLE\" align=\"CENTER\"><b><span style=\"font-family: Times New Roman\">T\u00fdm<\/span><\/b><\/td>\n<td valign=\"MIDDLE\" align=\"CENTER\"><b><span style=\"font-family: Times New Roman\">Z\u00e1p<\/span><\/b><\/td>\n<td valign=\"MIDDLE\" align=\"CENTER\"><b><span style=\"font-family: Times New Roman\">+<\/span><\/b><\/td>\n<td valign=\"MIDDLE\" align=\"CENTER\"><b><span style=\"font-family: Times New Roman\">0<\/span><\/b><\/td>\n<td valign=\"MIDDLE\" align=\"CENTER\"><b><span style=\"font-family: Times New Roman\">&#8211;<\/span><\/b><\/td>\n<td valign=\"MIDDLE\" align=\"CENTER\"><b><span style=\"font-family: Times New Roman\">Sk\u00f3re<\/span><\/b><\/td>\n<td valign=\"MIDDLE\" align=\"CENTER\"><b><span style=\"font-family: Times New Roman\">Body<\/span><\/b><\/td>\n<td valign=\"MIDDLE\" align=\"CENTER\"><b><span style=\"font-family: Times New Roman\">(Prav)<\/span><\/b><\/td>\n<\/tr>\n<tr>\n<td height=\"17\" align=\"CENTER\">1<\/td>\n<td align=\"CENTER\">Sokol Chotusice B<\/td>\n<td align=\"CENTER\">24<\/td>\n<td align=\"CENTER\">16<\/td>\n<td align=\"CENTER\">4<\/td>\n<td align=\"CENTER\">4<\/td>\n<td align=\"CENTER\">75:43<\/td>\n<td align=\"CENTER\">52<\/td>\n<td align=\"CENTER\">16<\/td>\n<\/tr>\n<tr>\n<td height=\"17\" align=\"CENTER\">2<\/td>\n<td align=\"CENTER\">Sokol Z\u00e1bo\u0159\u00ed n.Labem<\/td>\n<td align=\"CENTER\">24<\/td>\n<td align=\"CENTER\">13<\/td>\n<td align=\"CENTER\">4<\/td>\n<td align=\"CENTER\">7<\/td>\n<td align=\"CENTER\">83:45<\/td>\n<td align=\"CENTER\">43<\/td>\n<td align=\"CENTER\">7<\/td>\n<\/tr>\n<tr>\n<td height=\"17\" align=\"CENTER\">3<\/td>\n<td align=\"CENTER\">Slavoj Vrdy B<\/td>\n<td align=\"CENTER\">24<\/td>\n<td align=\"CENTER\">13<\/td>\n<td align=\"CENTER\">3<\/td>\n<td align=\"CENTER\">8<\/td>\n<td align=\"CENTER\">77:52<\/td>\n<td align=\"CENTER\">42<\/td>\n<td align=\"CENTER\">6<\/td>\n<\/tr>\n<tr>\n<td height=\"17\" align=\"CENTER\">4<\/td>\n<td align=\"CENTER\">Sokol Ok\u0159esane\u010d<\/td>\n<td align=\"CENTER\">24<\/td>\n<td align=\"CENTER\">13<\/td>\n<td align=\"CENTER\">3<\/td>\n<td align=\"CENTER\">8<\/td>\n<td align=\"CENTER\">76:55<\/td>\n<td align=\"CENTER\">42<\/td>\n<td align=\"CENTER\">6<\/td>\n<\/tr>\n<tr>\n<td height=\"17\" align=\"CENTER\">5<\/td>\n<td align=\"CENTER\">Hostovlice<\/td>\n<td align=\"CENTER\">24<\/td>\n<td align=\"CENTER\">12<\/td>\n<td align=\"CENTER\">5<\/td>\n<td align=\"CENTER\">7<\/td>\n<td align=\"CENTER\">61:49<\/td>\n<td align=\"CENTER\">41<\/td>\n<td align=\"CENTER\">5<\/td>\n<\/tr>\n<tr>\n<td height=\"17\" align=\"CENTER\">6<\/td>\n<td align=\"CENTER\">TJ Sokol Ka\u0148k B<\/td>\n<td align=\"CENTER\">24<\/td>\n<td align=\"CENTER\">11<\/td>\n<td align=\"CENTER\">4<\/td>\n<td align=\"CENTER\">9<\/td>\n<td align=\"CENTER\">60:51<\/td>\n<td align=\"CENTER\">37<\/td>\n<td align=\"CENTER\">1<\/td>\n<\/tr>\n<tr>\n<td height=\"17\" align=\"CENTER\">7<\/td>\n<td align=\"CENTER\">SK C\u00edrkvice<\/td>\n<td align=\"CENTER\">24<\/td>\n<td align=\"CENTER\">10<\/td>\n<td align=\"CENTER\">6<\/td>\n<td align=\"CENTER\">8<\/td>\n<td align=\"CENTER\">59:44<\/td>\n<td align=\"CENTER\">36<\/td>\n<td align=\"CENTER\">0<\/td>\n<\/tr>\n<tr>\n<td height=\"17\" align=\"CENTER\">8<\/td>\n<td align=\"CENTER\">Sokol Horu\u0161ice<\/td>\n<td align=\"CENTER\">24<\/td>\n<td align=\"CENTER\">10<\/td>\n<td align=\"CENTER\">4<\/td>\n<td align=\"CENTER\">10<\/td>\n<td align=\"CENTER\">66:01<\/td>\n<td align=\"CENTER\">34<\/td>\n<td align=\"CENTER\">-2<\/td>\n<\/tr>\n<tr>\n<td height=\"17\" align=\"CENTER\">9<\/td>\n<td align=\"CENTER\">Sokol Ka\u010dina<\/td>\n<td align=\"CENTER\">24<\/td>\n<td align=\"CENTER\">9<\/td>\n<td align=\"CENTER\">4<\/td>\n<td align=\"CENTER\">11<\/td>\n<td align=\"CENTER\">44:56<\/td>\n<td align=\"CENTER\">31<\/td>\n<td align=\"CENTER\">-5<\/td>\n<\/tr>\n<tr>\n<td height=\"17\" align=\"CENTER\">10<\/td>\n<td align=\"CENTER\">Sokol Nov\u00e9 Dvory B<\/td>\n<td align=\"CENTER\">24<\/td>\n<td align=\"CENTER\">9<\/td>\n<td align=\"CENTER\">2<\/td>\n<td align=\"CENTER\">13<\/td>\n<td align=\"CENTER\">42:03<\/td>\n<td align=\"CENTER\">29<\/td>\n<td align=\"CENTER\">-7<\/td>\n<\/tr>\n<tr>\n<td height=\"17\" align=\"CENTER\">11<\/td>\n<td align=\"CENTER\">Sokol Vlkane\u010d<\/td>\n<td align=\"CENTER\">24<\/td>\n<td align=\"CENTER\">7<\/td>\n<td align=\"CENTER\">2<\/td>\n<td align=\"CENTER\">15<\/td>\n<td align=\"CENTER\">50:19<\/td>\n<td align=\"CENTER\">23<\/td>\n<td align=\"CENTER\">-13<\/td>\n<\/tr>\n<tr>\n<td height=\"17\" align=\"CENTER\">12<\/td>\n<td align=\"CENTER\">Slovan Horky<\/td>\n<td align=\"CENTER\">24<\/td>\n<td align=\"CENTER\">5<\/td>\n<td align=\"CENTER\">3<\/td>\n<td align=\"CENTER\">16<\/td>\n<td align=\"CENTER\">41:09<\/td>\n<td align=\"CENTER\">18<\/td>\n<td align=\"CENTER\">-18<\/td>\n<\/tr>\n<tr>\n<td height=\"17\" align=\"CENTER\">13<\/td>\n<td align=\"CENTER\">Spartak \u017dleby B<\/td>\n<td align=\"CENTER\">24<\/td>\n<td align=\"CENTER\">5<\/td>\n<td align=\"CENTER\">2<\/td>\n<td align=\"CENTER\">17<\/td>\n<td align=\"CENTER\">36:38<\/td>\n<td align=\"CENTER\">17<\/td>\n<td align=\"CENTER\">-19<\/td>\n<\/tr>\n<\/tbody>\n<\/table>\n<p>zdroj : http:\/\/nv.fotbal.cz\/<\/p>\n<table class=\"art-article\" style=\"margin: 0;width: 100%\" cellspacing=\"0\" cellpadding=\"0\" border=\"0\">\n<tbody>\n<tr>\n<td style=\"width: 50%\"><span style=\"font-weight: bold\">HR\u00c1\u010c<\/span><\/td>\n<td><span style=\"font-weight: bold\"><img loading=\"lazy\" decoding=\"async\" title=\"G\u00f3ly\" src=\"http:\/\/tjsokolokresanec.cz\/wp-content\/uploads\/2015\/09\/gol.gif\" alt=\"\" width=\"30\" height=\"20\" border=\"0\" align=\"bottom\">    <img loading=\"lazy\" decoding=\"async\" title=\"\u017dlut\u00e9 karty\" src=\"http:\/\/tjsokolokresanec.cz\/wp-content\/uploads\/2015\/09\/zluta.gif\" alt=\"\" width=\"30\" height=\"20\" border=\"0\" align=\"bottom\">    <img loading=\"lazy\" decoding=\"async\" title=\"\u010cerven\u00e9 karty\" src=\"http:\/\/tjsokolokresanec.cz\/wp-content\/uploads\/2015\/09\/cervena.gif\" alt=\"\" width=\"30\" height=\"20\" border=\"0\" align=\"bottom\"><\/span><\/td>\n<\/tr>\n<tr>\n<td><\/td>\n<td><\/td>\n<\/tr>\n<tr>\n<td><\/td>\n<td><\/td>\n<\/tr>\n<tr>\n<td><\/td>\n<td><\/td>\n<\/tr>\n<tr>\n<td><\/td>\n<td><\/td>\n<\/tr>\n<\/tbody>\n<\/table>\n","protected":false},"excerpt":{"rendered":"<p>&nbsp;&nbsp;TABULKA 2012\/13 Rk. T\u00fdm Z\u00e1p + 0 &#8211; Sk\u00f3re Body (Prav) 1 Sokol Chotusice B 24 16 4 4 75:43 52 16 2 Sokol Z\u00e1bo\u0159\u00ed n.Labem 24 13 4 7 83:45 43 7 3 Slavoj Vrdy B 24 13 3 8 77:52 42 6 4 Sokol Ok\u0159esane\u010d 24 13 3 8 76:55 42 6 5 [&hellip;]<\/p>\n","protected":false},"author":1,"featured_media":0,"parent":1177,"menu_order":17,"comment_status":"closed","ping_status":"closed","template":"","meta":{"ngg_post_thumbnail":0,"footnotes":""},"class_list":["post-52","page","type-page","status-publish","hentry"],"_links":{"self":[{"href":"http:\/\/tjsokolokresanec.cz\/index.php?rest_route=\/wp\/v2\/pages\/52","targetHints":{"allow":["GET"]}}],"collection":[{"href":"http:\/\/tjsokolokresanec.cz\/index.php?rest_route=\/wp\/v2\/pages"}],"about":[{"href":"http:\/\/tjsokolokresanec.cz\/index.php?rest_route=\/wp\/v2\/types\/page"}],"author":[{"embeddable":true,"href":"http:\/\/tjsokolokresanec.cz\/index.php?rest_route=\/wp\/v2\/users\/1"}],"replies":[{"embeddable":true,"href":"http:\/\/tjsokolokresanec.cz\/index.php?rest_route=%2Fwp%2Fv2%2Fcomments&post=52"}],"version-history":[{"count":1,"href":"http:\/\/tjsokolokresanec.cz\/index.php?rest_route=\/wp\/v2\/pages\/52\/revisions"}],"predecessor-version":[{"id":1398,"href":"http:\/\/tjsokolokresanec.cz\/index.php?rest_route=\/wp\/v2\/pages\/52\/revisions\/1398"}],"up":[{"embeddable":true,"href":"http:\/\/tjsokolokresanec.cz\/index.php?rest_route=\/wp\/v2\/pages\/1177"}],"wp:attachment":[{"href":"http:\/\/tjsokolokresanec.cz\/index.php?rest_route=%2Fwp%2Fv2%2Fmedia&parent=52"}],"curies":[{"name":"wp","href":"https:\/\/api.w.org\/{rel}","templated":true}]}}