{"id":183,"date":"2014-08-13T13:25:01","date_gmt":"2014-08-13T13:25:01","guid":{"rendered":"http:\/\/tjsokolokresanec.microweb.cz\/?page_id=183"},"modified":"2024-03-15T21:21:05","modified_gmt":"2024-03-15T21:21:05","slug":"zapasy","status":"publish","type":"page","link":"http:\/\/tjsokolokresanec.cz\/?page_id=183","title":{"rendered":"z\u00e1pasy"},"content":{"rendered":"<p>ROZLOSOV\u00c1N\u00cd jaro 2024<\/p>\n<p>TJ Sokol Ok\u0159esane\u010d z. s.<\/p>\n<table border=\"0\" frame=\"VOID\" rules=\"NONE\" cellspacing=\"0\">\n<colgroup>\n<col width=\"188\">\n<col width=\"180\">\n<col width=\"153\"><\/colgroup>\n<tbody>\n<tr>\n<td align=\"CENTER\" valign=\"MIDDLE\" width=\"188\" height=\"40\"><b><span style=\"font-size: medium;\">Datum a \u010das<\/span><\/b><\/td>\n<td align=\"CENTER\" valign=\"MIDDLE\" width=\"180\"><b><span style=\"font-size: medium;\">Dom\u00e1c\u00ed<\/span><\/b><\/td>\n<td align=\"CENTER\" valign=\"MIDDLE\" width=\"153\"><b><span style=\"font-size: medium;\">Host\u00e9<\/span><\/b><\/td>\n<\/tr>\n<tr>\n<td align=\"CENTER\" valign=\"MIDDLE\" height=\"40\">NE 31.03.2024 16:00&#8242;<\/td>\n<td align=\"CENTER\" valign=\"MIDDLE\"><b>Sedlec B<\/b><\/td>\n<td align=\"CENTER\" valign=\"MIDDLE\"><b>Ok\u0159esane\u010d<\/b><\/td>\n<\/tr>\n<tr>\n<td align=\"CENTER\" valign=\"MIDDLE\" height=\"40\">SO 06.04.2024 14:00&#8242;<\/td>\n<td align=\"CENTER\" valign=\"MIDDLE\"><b>Pot\u011bhy<\/b><\/td>\n<td align=\"CENTER\" valign=\"MIDDLE\"><b>Ok\u0159esane\u010d<\/b><\/td>\n<\/tr>\n<tr>\n<td align=\"CENTER\" valign=\"MIDDLE\" height=\"40\">SO 13.04.2024 14:00&#8242;<\/td>\n<td align=\"CENTER\" valign=\"MIDDLE\"><b>Ok\u0159esane\u010d<\/b><\/td>\n<td align=\"CENTER\" valign=\"MIDDLE\"><b>Miskovice<\/b><\/td>\n<\/tr>\n<tr>\n<td align=\"CENTER\" valign=\"MIDDLE\" height=\"40\">NE 21.04.2024 17:00&#8242;<\/td>\n<td align=\"CENTER\" valign=\"MIDDLE\"><b>Kluky<\/b><\/td>\n<td align=\"CENTER\" valign=\"MIDDLE\"><b>Ok\u0159esane\u010d<\/b><\/td>\n<\/tr>\n<tr>\n<td align=\"CENTER\" valign=\"MIDDLE\" height=\"40\">SO 27.04.2024 14:00&#8242;<\/td>\n<td align=\"CENTER\" valign=\"MIDDLE\"><b>Ok\u0159esane\u010d<\/b><\/td>\n<td align=\"CENTER\" valign=\"MIDDLE\"><b>Zb\u00fd\u0161ov<\/b><\/td>\n<\/tr>\n<tr>\n<td align=\"CENTER\" valign=\"MIDDLE\" height=\"40\">ST 01.05.2024 17:00&#8242;<\/td>\n<td align=\"CENTER\" valign=\"MIDDLE\"><b>Male\u0161ov B<\/b><\/td>\n<td align=\"CENTER\" valign=\"MIDDLE\"><b>Ok\u0159esane\u010d<\/b><\/td>\n<\/tr>\n<tr>\n<td align=\"CENTER\" valign=\"MIDDLE\" height=\"40\">SO 04.05.2024 14:00&#8242;<\/td>\n<td align=\"CENTER\" valign=\"MIDDLE\"><b>Horky<\/b><\/td>\n<td align=\"CENTER\" valign=\"MIDDLE\"><b>Ok\u0159esane\u010d<\/b><\/td>\n<\/tr>\n<tr>\n<td align=\"CENTER\" valign=\"MIDDLE\" height=\"40\">SO 11.05.2024 14:00&#8242;<\/td>\n<td align=\"CENTER\" valign=\"MIDDLE\"><b>Ok\u0159esane\u010d<\/b><\/td>\n<td align=\"CENTER\" valign=\"MIDDLE\"><b>\u0160trampouch<\/b><\/td>\n<\/tr>\n<tr>\n<td align=\"CENTER\" valign=\"MIDDLE\" height=\"40\">SO 18.05.2024 14:00&#8242;<\/td>\n<td align=\"CENTER\" valign=\"MIDDLE\"><b>Hostovlice<\/b><\/td>\n<td align=\"CENTER\" valign=\"MIDDLE\"><b>Ok\u0159esane\u010d<\/b><\/td>\n<\/tr>\n<tr>\n<td align=\"CENTER\" valign=\"MIDDLE\" height=\"40\">SO 25.05.2024 14:00&#8242;<\/td>\n<td align=\"CENTER\" valign=\"MIDDLE\"><b>Ok\u0159esane\u010d<\/b><\/td>\n<td align=\"CENTER\" valign=\"MIDDLE\"><b>Ka\u010dina<\/b><\/td>\n<\/tr>\n<tr>\n<td align=\"CENTER\" valign=\"MIDDLE\" height=\"40\">SO 01.06.2024 17:00&#8242;<\/td>\n<td align=\"CENTER\" valign=\"MIDDLE\"><b>\u017dleby<\/b><\/td>\n<td align=\"CENTER\" valign=\"MIDDLE\"><b>Ok\u0159esane\u010d<\/b><\/td>\n<\/tr>\n<\/tbody>\n<\/table>\n","protected":false},"excerpt":{"rendered":"<p>ROZLOSOV\u00c1N\u00cd jaro 2024 TJ Sokol Ok\u0159esane\u010d z. s. Datum a \u010das Dom\u00e1c\u00ed Host\u00e9 NE 31.03.2024 16:00&#8242; Sedlec B Ok\u0159esane\u010d SO 06.04.2024 14:00&#8242; Pot\u011bhy Ok\u0159esane\u010d SO 13.04.2024 14:00&#8242; Ok\u0159esane\u010d Miskovice NE 21.04.2024 17:00&#8242; Kluky Ok\u0159esane\u010d SO 27.04.2024 14:00&#8242; Ok\u0159esane\u010d Zb\u00fd\u0161ov ST 01.05.2024 17:00&#8242; Male\u0161ov B Ok\u0159esane\u010d SO 04.05.2024 14:00&#8242; Horky Ok\u0159esane\u010d SO 11.05.2024 14:00&#8242; Ok\u0159esane\u010d \u0160trampouch [&hellip;]<\/p>\n","protected":false},"author":1,"featured_media":0,"parent":0,"menu_order":0,"comment_status":"closed","ping_status":"open","template":"","meta":{"ngg_post_thumbnail":0,"footnotes":""},"class_list":["post-183","page","type-page","status-publish","hentry"],"_links":{"self":[{"href":"http:\/\/tjsokolokresanec.cz\/index.php?rest_route=\/wp\/v2\/pages\/183","targetHints":{"allow":["GET"]}}],"collection":[{"href":"http:\/\/tjsokolokresanec.cz\/index.php?rest_route=\/wp\/v2\/pages"}],"about":[{"href":"http:\/\/tjsokolokresanec.cz\/index.php?rest_route=\/wp\/v2\/types\/page"}],"author":[{"embeddable":true,"href":"http:\/\/tjsokolokresanec.cz\/index.php?rest_route=\/wp\/v2\/users\/1"}],"replies":[{"embeddable":true,"href":"http:\/\/tjsokolokresanec.cz\/index.php?rest_route=%2Fwp%2Fv2%2Fcomments&post=183"}],"version-history":[{"count":6,"href":"http:\/\/tjsokolokresanec.cz\/index.php?rest_route=\/wp\/v2\/pages\/183\/revisions"}],"predecessor-version":[{"id":2102,"href":"http:\/\/tjsokolokresanec.cz\/index.php?rest_route=\/wp\/v2\/pages\/183\/revisions\/2102"}],"wp:attachment":[{"href":"http:\/\/tjsokolokresanec.cz\/index.php?rest_route=%2Fwp%2Fv2%2Fmedia&parent=183"}],"curies":[{"name":"wp","href":"https:\/\/api.w.org\/{rel}","templated":true}]}}