{"id":162,"date":"2014-08-13T12:53:38","date_gmt":"2014-08-13T12:53:38","guid":{"rendered":"http:\/\/tjsokolokresanec.microweb.cz\/?page_id=162"},"modified":"2020-09-08T05:19:36","modified_gmt":"2020-09-08T05:19:36","slug":"2013-2","status":"publish","type":"page","link":"http:\/\/tjsokolokresanec.cz\/?page_id=162","title":{"rendered":"2013\/14"},"content":{"rendered":"<p>&nbsp;<\/p>\n<table rules=\"NONE\" cellspacing=\"0\" border=\"0\">\n<tbody>\n<tr>\n<td colspan=\"9\" width=\"703\" height=\"17\" align=\"LEFT\"><b><span style=\"font-family: Times New Roman;font-size: medium\"> TABULKA 2013\/14<\/span><\/b><\/td>\n<\/tr>\n<tr>\n<td valign=\"MIDDLE\" height=\"19\" align=\"CENTER\"><b><span style=\"font-family: Times New Roman\">Rk. <\/span><\/b><\/td>\n<td valign=\"MIDDLE\" align=\"CENTER\"><b><span style=\"font-family: Times New Roman\">T\u00fdm<\/span><\/b><\/td>\n<td valign=\"MIDDLE\" align=\"CENTER\"><b><span style=\"font-family: Times New Roman\">Z\u00e1p<\/span><\/b><\/td>\n<td valign=\"MIDDLE\" align=\"CENTER\"><b><span style=\"font-family: Times New Roman\">+<\/span><\/b><\/td>\n<td valign=\"MIDDLE\" align=\"CENTER\"><b><span style=\"font-family: Times New Roman\">0<\/span><\/b><\/td>\n<td valign=\"MIDDLE\" align=\"CENTER\"><b><span style=\"font-family: Times New Roman\">&#8211;<\/span><\/b><\/td>\n<td valign=\"MIDDLE\" align=\"CENTER\"><b><span style=\"font-family: Times New Roman\">Sk\u00f3re<\/span><\/b><\/td>\n<td valign=\"MIDDLE\" align=\"CENTER\"><b><span style=\"font-family: Times New Roman\">Body<\/span><\/b><\/td>\n<td valign=\"MIDDLE\" align=\"CENTER\"><b><span style=\"font-family: Times New Roman\">(Prav)<\/span><\/b><\/td>\n<\/tr>\n<tr>\n<td height=\"18\" align=\"CENTER\">1.<\/td>\n<td align=\"CENTER\"><a href=\"http:\/\/vysledky.lidovky.cz\/klub.php?id_klub=376\">Slovan Horky<\/a><\/td>\n<td align=\"CENTER\">26<\/td>\n<td align=\"CENTER\">18<\/td>\n<td align=\"CENTER\">3<\/td>\n<td align=\"CENTER\">5<\/td>\n<td align=\"CENTER\">84:31<\/td>\n<td align=\"CENTER\">57<\/td>\n<td align=\"CENTER\">18<\/td>\n<\/tr>\n<tr>\n<td height=\"18\" align=\"CENTER\">2.<\/td>\n<td align=\"CENTER\"><a href=\"http:\/\/vysledky.lidovky.cz\/klub.php?id_klub=399\">FK AJAX \u0160trampouch<\/a><\/td>\n<td align=\"CENTER\">26<\/td>\n<td align=\"CENTER\">17<\/td>\n<td align=\"CENTER\">5<\/td>\n<td align=\"CENTER\">4<\/td>\n<td align=\"CENTER\">94:39<\/td>\n<td align=\"CENTER\">56<\/td>\n<td align=\"CENTER\">17<\/td>\n<\/tr>\n<tr>\n<td height=\"18\" align=\"CENTER\">3.<\/td>\n<td align=\"CENTER\"><a href=\"http:\/\/vysledky.lidovky.cz\/klub.php?id_klub=389\">Sokol Mo\u010dovice<\/a><\/td>\n<td align=\"CENTER\">26<\/td>\n<td align=\"CENTER\">15<\/td>\n<td align=\"CENTER\">4<\/td>\n<td align=\"CENTER\">7<\/td>\n<td align=\"CENTER\">67:43<\/td>\n<td align=\"CENTER\">49<\/td>\n<td align=\"CENTER\">10<\/td>\n<\/tr>\n<tr>\n<td height=\"18\" align=\"CENTER\">4.<\/td>\n<td align=\"CENTER\"><a href=\"http:\/\/vysledky.lidovky.cz\/klub.php?id_klub=379\">Hostovlice<\/a><\/td>\n<td align=\"CENTER\">26<\/td>\n<td align=\"CENTER\">15<\/td>\n<td align=\"CENTER\">4<\/td>\n<td align=\"CENTER\">7<\/td>\n<td align=\"CENTER\">62:46<\/td>\n<td align=\"CENTER\">49<\/td>\n<td align=\"CENTER\">10<\/td>\n<\/tr>\n<tr>\n<td height=\"18\" align=\"CENTER\">5.<\/td>\n<td align=\"CENTER\"><a href=\"http:\/\/vysledky.lidovky.cz\/klub.php?id_klub=403\">Slavoj Vrdy B<\/a><\/td>\n<td align=\"CENTER\">26<\/td>\n<td align=\"CENTER\">14<\/td>\n<td align=\"CENTER\">3<\/td>\n<td align=\"CENTER\">9<\/td>\n<td align=\"CENTER\">84:70<\/td>\n<td align=\"CENTER\">45<\/td>\n<td align=\"CENTER\">6<\/td>\n<\/tr>\n<tr>\n<td height=\"18\" align=\"CENTER\">6.<\/td>\n<td align=\"CENTER\"><a href=\"http:\/\/vysledky.lidovky.cz\/klub.php?id_klub=391\">Sokol Ok\u0159esane\u010d<\/a><\/td>\n<td align=\"CENTER\">26<\/td>\n<td align=\"CENTER\">13<\/td>\n<td align=\"CENTER\">6<\/td>\n<td align=\"CENTER\">7<\/td>\n<td align=\"CENTER\">71:62<\/td>\n<td align=\"CENTER\">45<\/td>\n<td align=\"CENTER\">6<\/td>\n<\/tr>\n<tr>\n<td height=\"18\" align=\"CENTER\">7.<\/td>\n<td align=\"CENTER\"><a href=\"http:\/\/vysledky.lidovky.cz\/klub.php?id_klub=372\">SK C\u00edrkvice<\/a><\/td>\n<td align=\"CENTER\">26<\/td>\n<td align=\"CENTER\">13<\/td>\n<td align=\"CENTER\">4<\/td>\n<td align=\"CENTER\">9<\/td>\n<td align=\"CENTER\">85:56<\/td>\n<td align=\"CENTER\">43<\/td>\n<td align=\"CENTER\">4<\/td>\n<\/tr>\n<tr>\n<td height=\"18\" align=\"CENTER\">8.<\/td>\n<td align=\"CENTER\"><a href=\"http:\/\/vysledky.lidovky.cz\/klub.php?id_klub=380\">Sokol Chotusice B<\/a><\/td>\n<td align=\"CENTER\">26<\/td>\n<td align=\"CENTER\">10<\/td>\n<td align=\"CENTER\">5<\/td>\n<td align=\"CENTER\">11<\/td>\n<td align=\"CENTER\">71:64<\/td>\n<td align=\"CENTER\">35<\/td>\n<td align=\"CENTER\">-4<\/td>\n<\/tr>\n<tr>\n<td height=\"18\" align=\"CENTER\">9.<\/td>\n<td align=\"CENTER\"><a href=\"http:\/\/vysledky.lidovky.cz\/klub.php?id_klub=393\">Sokol Pot\u011bhy<\/a><\/td>\n<td align=\"CENTER\">26<\/td>\n<td align=\"CENTER\">9<\/td>\n<td align=\"CENTER\">4<\/td>\n<td align=\"CENTER\">13<\/td>\n<td align=\"CENTER\">35:61<\/td>\n<td align=\"CENTER\">31<\/td>\n<td align=\"CENTER\">-8<\/td>\n<\/tr>\n<tr>\n<td height=\"18\" align=\"CENTER\">10.<\/td>\n<td align=\"CENTER\"><a href=\"http:\/\/vysledky.lidovky.cz\/klub.php?id_klub=377\">Dynamo Horn\u00ed Bu\u010dice<\/a><\/td>\n<td align=\"CENTER\">26<\/td>\n<td align=\"CENTER\">9<\/td>\n<td align=\"CENTER\">1<\/td>\n<td align=\"CENTER\">16<\/td>\n<td align=\"CENTER\">63:80<\/td>\n<td align=\"CENTER\">28<\/td>\n<td align=\"CENTER\">-11<\/td>\n<\/tr>\n<tr>\n<td height=\"18\" align=\"CENTER\">11.<\/td>\n<td align=\"CENTER\"><a href=\"http:\/\/vysledky.lidovky.cz\/klub.php?id_klub=402\">Sokol Vlkane\u010d<\/a><\/td>\n<td align=\"CENTER\">26<\/td>\n<td align=\"CENTER\">7<\/td>\n<td align=\"CENTER\">5<\/td>\n<td align=\"CENTER\">14<\/td>\n<td align=\"CENTER\">48:75<\/td>\n<td align=\"CENTER\">26<\/td>\n<td align=\"CENTER\">-13<\/td>\n<\/tr>\n<tr>\n<td height=\"18\" align=\"CENTER\">12.<\/td>\n<td align=\"CENTER\"><a href=\"http:\/\/vysledky.lidovky.cz\/klub.php?id_klub=378\">Sokol Horu\u0161ice<\/a><\/td>\n<td align=\"CENTER\">26<\/td>\n<td align=\"CENTER\">6<\/td>\n<td align=\"CENTER\">7<\/td>\n<td align=\"CENTER\">13<\/td>\n<td align=\"CENTER\">53:70<\/td>\n<td align=\"CENTER\">25<\/td>\n<td align=\"CENTER\">-14<\/td>\n<\/tr>\n<tr>\n<td height=\"18\" align=\"CENTER\">13.<\/td>\n<td align=\"CENTER\"><a href=\"http:\/\/vysledky.lidovky.cz\/klub.php?id_klub=407\">Zb\u00fd\u0161ov B<\/a><\/td>\n<td align=\"CENTER\">26<\/td>\n<td align=\"CENTER\">5<\/td>\n<td align=\"CENTER\">3<\/td>\n<td align=\"CENTER\">18<\/td>\n<td align=\"CENTER\">42:90<\/td>\n<td align=\"CENTER\">18<\/td>\n<td align=\"CENTER\">-21<\/td>\n<\/tr>\n<tr>\n<td height=\"18\" align=\"CENTER\">14.<\/td>\n<td align=\"CENTER\"><a href=\"http:\/\/vysledky.lidovky.cz\/klub.php?id_klub=409\">SK Transpa Spartak B<\/a><\/td>\n<td align=\"CENTER\">26<\/td>\n<td align=\"CENTER\">3<\/td>\n<td align=\"CENTER\">2<\/td>\n<td align=\"CENTER\">21<\/td>\n<td align=\"CENTER\">40:112<\/td>\n<td align=\"CENTER\">11<\/td>\n<td align=\"CENTER\">-28<\/td>\n<\/tr>\n<\/tbody>\n<\/table>\n<table class=\"art-article\" style=\"margin: 0;width: 100%\" width=\"830\" cellspacing=\"0\" cellpadding=\"0\" border=\"0\">\n<tbody>\n<tr>\n<td style=\"width: 50%\"><span style=\"font-weight: bold\">HR\u00c1\u010c<\/span><\/td>\n<td><span style=\"font-weight: bold\"><img loading=\"lazy\" decoding=\"async\" title=\"G\u00f3ly\" src=\"http:\/\/tjsokolokresanec.cz\/wp-content\/uploads\/2015\/09\/gol.gif\" alt=\"\" width=\"30\" height=\"20\" border=\"0\" align=\"bottom\">    <img loading=\"lazy\" decoding=\"async\" title=\"\u017dlut\u00e9 karty\" src=\"http:\/\/tjsokolokresanec.cz\/wp-content\/uploads\/2015\/09\/zluta.gif\" alt=\"\" width=\"30\" height=\"20\" border=\"0\" align=\"bottom\">    <img loading=\"lazy\" decoding=\"async\" title=\"\u010cerven\u00e9 karty\" src=\"http:\/\/tjsokolokresanec.cz\/wp-content\/uploads\/2015\/09\/cervena.gif\" alt=\"\" width=\"30\" height=\"20\" border=\"0\" align=\"bottom\"><\/span><\/td>\n<\/tr>\n<tr>\n<td><\/td>\n<td><\/td>\n<\/tr>\n<tr>\n<td><\/td>\n<td><\/td>\n<\/tr>\n<tr>\n<td><\/td>\n<td><\/td>\n<\/tr>\n<tr>\n<td><\/td>\n<td><\/td>\n<\/tr>\n<\/tbody>\n<\/table>\n<p>&nbsp;<\/p>\n","protected":false},"excerpt":{"rendered":"<p>&nbsp; TABULKA 2013\/14 Rk. T\u00fdm Z\u00e1p + 0 &#8211; Sk\u00f3re Body (Prav) 1. Slovan Horky 26 18 3 5 84:31 57 18 2. FK AJAX \u0160trampouch 26 17 5 4 94:39 56 17 3. Sokol Mo\u010dovice 26 15 4 7 67:43 49 10 4. Hostovlice 26 15 4 7 62:46 49 10 5. Slavoj Vrdy [&hellip;]<\/p>\n","protected":false},"author":1,"featured_media":0,"parent":1177,"menu_order":16,"comment_status":"closed","ping_status":"open","template":"","meta":{"ngg_post_thumbnail":0,"footnotes":""},"class_list":["post-162","page","type-page","status-publish","hentry"],"_links":{"self":[{"href":"http:\/\/tjsokolokresanec.cz\/index.php?rest_route=\/wp\/v2\/pages\/162","targetHints":{"allow":["GET"]}}],"collection":[{"href":"http:\/\/tjsokolokresanec.cz\/index.php?rest_route=\/wp\/v2\/pages"}],"about":[{"href":"http:\/\/tjsokolokresanec.cz\/index.php?rest_route=\/wp\/v2\/types\/page"}],"author":[{"embeddable":true,"href":"http:\/\/tjsokolokresanec.cz\/index.php?rest_route=\/wp\/v2\/users\/1"}],"replies":[{"embeddable":true,"href":"http:\/\/tjsokolokresanec.cz\/index.php?rest_route=%2Fwp%2Fv2%2Fcomments&post=162"}],"version-history":[{"count":1,"href":"http:\/\/tjsokolokresanec.cz\/index.php?rest_route=\/wp\/v2\/pages\/162\/revisions"}],"predecessor-version":[{"id":1400,"href":"http:\/\/tjsokolokresanec.cz\/index.php?rest_route=\/wp\/v2\/pages\/162\/revisions\/1400"}],"up":[{"embeddable":true,"href":"http:\/\/tjsokolokresanec.cz\/index.php?rest_route=\/wp\/v2\/pages\/1177"}],"wp:attachment":[{"href":"http:\/\/tjsokolokresanec.cz\/index.php?rest_route=%2Fwp%2Fv2%2Fmedia&parent=162"}],"curies":[{"name":"wp","href":"https:\/\/api.w.org\/{rel}","templated":true}]}}