{"id":119,"date":"2013-11-27T12:44:40","date_gmt":"2013-11-27T12:44:40","guid":{"rendered":"http:\/\/tjsokolokresanec.microweb.cz\/?page_id=119"},"modified":"2013-11-27T12:44:40","modified_gmt":"2013-11-27T12:44:40","slug":"200506-2","status":"publish","type":"page","link":"http:\/\/tjsokolokresanec.cz\/?page_id=119","title":{"rendered":"2005\/06"},"content":{"rendered":"<table border=\"0\" rules=\"NONE\" cellspacing=\"0\">\n<col width=\"86\" \/>\n<col width=\"86\" \/>\n<col width=\"57\" \/>\n<col width=\"57\" \/>\n<col width=\"57\" \/>\n<col width=\"57\" \/>\n<col width=\"57\" \/>\n<col width=\"57\" \/>\n<col width=\"57\" \/>\n<tbody>\n<tr>\n<td colspan=\"9\" align=\"LEFT\" width=\"568\" height=\"25\"><b><span style=\"font-family: Times New Roman;font-size: medium\">\u00a0\u00a0TABULKA 2005\/06<\/span><\/b><\/td>\n<\/tr>\n<tr>\n<td align=\"CENTER\" valign=\"MIDDLE\" height=\"19\"><b>Rk. <\/b><\/td>\n<td align=\"CENTER\" valign=\"MIDDLE\"><b>T\u00fdm<\/b><\/td>\n<td align=\"CENTER\" valign=\"MIDDLE\"><b>Z\u00e1p<\/b><\/td>\n<td align=\"CENTER\" valign=\"MIDDLE\"><b>+<\/b><\/td>\n<td align=\"CENTER\" valign=\"MIDDLE\"><b>0<\/b><\/td>\n<td align=\"CENTER\" valign=\"MIDDLE\"><b>&#8211;<\/b><\/td>\n<td align=\"CENTER\" valign=\"MIDDLE\"><b>Sk\u00f3re<\/b><\/td>\n<td align=\"CENTER\" valign=\"MIDDLE\"><b>Body<\/b><\/td>\n<td align=\"CENTER\" valign=\"MIDDLE\"><b>(Prav)<\/b><\/td>\n<\/tr>\n<tr>\n<td align=\"CENTER\" valign=\"MIDDLE\" height=\"17\">1.<\/td>\n<td align=\"CENTER\" valign=\"MIDDLE\">H.Bu\u010dice<\/td>\n<td align=\"CENTER\" valign=\"MIDDLE\">22<\/td>\n<td align=\"CENTER\" valign=\"MIDDLE\">15<\/td>\n<td align=\"CENTER\" valign=\"MIDDLE\">3<\/td>\n<td align=\"CENTER\" valign=\"MIDDLE\">4<\/td>\n<td align=\"CENTER\" valign=\"MIDDLE\">62: 25<\/td>\n<td align=\"CENTER\" valign=\"MIDDLE\">48<\/td>\n<td align=\"CENTER\" valign=\"MIDDLE\">( 15)<\/td>\n<\/tr>\n<tr>\n<td align=\"CENTER\" valign=\"MIDDLE\" height=\"17\">2.<\/td>\n<td align=\"CENTER\" valign=\"MIDDLE\">Tupadly B<\/td>\n<td align=\"CENTER\" valign=\"MIDDLE\">22<\/td>\n<td align=\"CENTER\" valign=\"MIDDLE\">14<\/td>\n<td align=\"CENTER\" valign=\"MIDDLE\">5<\/td>\n<td align=\"CENTER\" valign=\"MIDDLE\">3<\/td>\n<td align=\"CENTER\" valign=\"MIDDLE\">78: 30<\/td>\n<td align=\"CENTER\" valign=\"MIDDLE\">47<\/td>\n<td align=\"CENTER\" valign=\"MIDDLE\">( 14)<\/td>\n<\/tr>\n<tr>\n<td align=\"CENTER\" valign=\"MIDDLE\" height=\"17\">3.<\/td>\n<td align=\"CENTER\" valign=\"MIDDLE\">Brat\u010dice<\/td>\n<td align=\"CENTER\" valign=\"MIDDLE\">22<\/td>\n<td align=\"CENTER\" valign=\"MIDDLE\">13<\/td>\n<td align=\"CENTER\" valign=\"MIDDLE\">4<\/td>\n<td align=\"CENTER\" valign=\"MIDDLE\">5<\/td>\n<td align=\"CENTER\" valign=\"MIDDLE\">66: 31<\/td>\n<td align=\"CENTER\" valign=\"MIDDLE\">43<\/td>\n<td align=\"CENTER\" valign=\"MIDDLE\">( 10)<\/td>\n<\/tr>\n<tr>\n<td align=\"CENTER\" valign=\"MIDDLE\" height=\"17\">4.<\/td>\n<td align=\"CENTER\" valign=\"MIDDLE\">Z\u00e1bo\u0159\u00ed<\/td>\n<td align=\"CENTER\" valign=\"MIDDLE\">22<\/td>\n<td align=\"CENTER\" valign=\"MIDDLE\">12<\/td>\n<td align=\"CENTER\" valign=\"MIDDLE\">3<\/td>\n<td align=\"CENTER\" valign=\"MIDDLE\">7<\/td>\n<td align=\"CENTER\" valign=\"MIDDLE\">57: 41<\/td>\n<td align=\"CENTER\" valign=\"MIDDLE\">39<\/td>\n<td align=\"CENTER\" valign=\"MIDDLE\">( 6)<\/td>\n<\/tr>\n<tr>\n<td align=\"CENTER\" valign=\"MIDDLE\" height=\"17\">5.<\/td>\n<td align=\"CENTER\" valign=\"MIDDLE\">Ka\u010dina<\/td>\n<td align=\"CENTER\" valign=\"MIDDLE\">22<\/td>\n<td align=\"CENTER\" valign=\"MIDDLE\">12<\/td>\n<td align=\"CENTER\" valign=\"MIDDLE\">3<\/td>\n<td align=\"CENTER\" valign=\"MIDDLE\">7<\/td>\n<td align=\"CENTER\" valign=\"MIDDLE\">51: 28<\/td>\n<td align=\"CENTER\" valign=\"MIDDLE\">39<\/td>\n<td align=\"CENTER\" valign=\"MIDDLE\">( 6)<\/td>\n<\/tr>\n<tr>\n<td align=\"CENTER\" valign=\"MIDDLE\" height=\"17\">6.<\/td>\n<td align=\"CENTER\" valign=\"MIDDLE\">\u0160trampouch<\/td>\n<td align=\"CENTER\" valign=\"MIDDLE\">22<\/td>\n<td align=\"CENTER\" valign=\"MIDDLE\">8<\/td>\n<td align=\"CENTER\" valign=\"MIDDLE\">7<\/td>\n<td align=\"CENTER\" valign=\"MIDDLE\">7<\/td>\n<td align=\"CENTER\" valign=\"MIDDLE\">40: 41<\/td>\n<td align=\"CENTER\" valign=\"MIDDLE\">31<\/td>\n<td align=\"CENTER\" valign=\"MIDDLE\">( -2)<\/td>\n<\/tr>\n<tr>\n<td align=\"CENTER\" valign=\"MIDDLE\" height=\"17\">7.<\/td>\n<td align=\"CENTER\" valign=\"MIDDLE\">Mo\u010dovice<\/td>\n<td align=\"CENTER\" valign=\"MIDDLE\">22<\/td>\n<td align=\"CENTER\" valign=\"MIDDLE\">8<\/td>\n<td align=\"CENTER\" valign=\"MIDDLE\">6<\/td>\n<td align=\"CENTER\" valign=\"MIDDLE\">8<\/td>\n<td align=\"CENTER\" valign=\"MIDDLE\">48: 48<\/td>\n<td align=\"CENTER\" valign=\"MIDDLE\">30<\/td>\n<td align=\"CENTER\" valign=\"MIDDLE\">( -3)<\/td>\n<\/tr>\n<tr>\n<td align=\"CENTER\" valign=\"MIDDLE\" height=\"17\">8.<\/td>\n<td align=\"CENTER\" valign=\"MIDDLE\">\u017dleby B<\/td>\n<td align=\"CENTER\" valign=\"MIDDLE\">22<\/td>\n<td align=\"CENTER\" valign=\"MIDDLE\">9<\/td>\n<td align=\"CENTER\" valign=\"MIDDLE\">3<\/td>\n<td align=\"CENTER\" valign=\"MIDDLE\">10<\/td>\n<td align=\"CENTER\" valign=\"MIDDLE\">45: 46<\/td>\n<td align=\"CENTER\" valign=\"MIDDLE\">30<\/td>\n<td align=\"CENTER\" valign=\"MIDDLE\">( -3)<\/td>\n<\/tr>\n<tr>\n<td align=\"CENTER\" valign=\"MIDDLE\" height=\"17\">9.<\/td>\n<td align=\"CENTER\" valign=\"MIDDLE\">Zb\u00fd\u0161ov B<\/td>\n<td align=\"CENTER\" valign=\"MIDDLE\">22<\/td>\n<td align=\"CENTER\" valign=\"MIDDLE\">6<\/td>\n<td align=\"CENTER\" valign=\"MIDDLE\">4<\/td>\n<td align=\"CENTER\" valign=\"MIDDLE\">12<\/td>\n<td align=\"CENTER\" valign=\"MIDDLE\">33: 75<\/td>\n<td align=\"CENTER\" valign=\"MIDDLE\">22<\/td>\n<td align=\"CENTER\" valign=\"MIDDLE\">(-11)<\/td>\n<\/tr>\n<tr>\n<td align=\"CENTER\" valign=\"MIDDLE\" height=\"17\">10.<\/td>\n<td align=\"CENTER\" valign=\"MIDDLE\">Vlkane\u010d<\/td>\n<td align=\"CENTER\" valign=\"MIDDLE\">22<\/td>\n<td align=\"CENTER\" valign=\"MIDDLE\">6<\/td>\n<td align=\"CENTER\" valign=\"MIDDLE\">2<\/td>\n<td align=\"CENTER\" valign=\"MIDDLE\">14<\/td>\n<td align=\"CENTER\" valign=\"MIDDLE\">32: 60<\/td>\n<td align=\"CENTER\" valign=\"MIDDLE\">20<\/td>\n<td align=\"CENTER\" valign=\"MIDDLE\">(-13)<\/td>\n<\/tr>\n<tr>\n<td align=\"CENTER\" valign=\"MIDDLE\" height=\"17\">11.<\/td>\n<td align=\"CENTER\" valign=\"MIDDLE\">Horu\u0161ice<\/td>\n<td align=\"CENTER\" valign=\"MIDDLE\">22<\/td>\n<td align=\"CENTER\" valign=\"MIDDLE\">3<\/td>\n<td align=\"CENTER\" valign=\"MIDDLE\">3<\/td>\n<td align=\"CENTER\" valign=\"MIDDLE\">16<\/td>\n<td align=\"CENTER\" valign=\"MIDDLE\">20: 65<\/td>\n<td align=\"CENTER\" valign=\"MIDDLE\">12<\/td>\n<td align=\"CENTER\" valign=\"MIDDLE\">(-21)<\/td>\n<\/tr>\n<tr>\n<td align=\"CENTER\" valign=\"MIDDLE\" height=\"17\">12.<\/td>\n<td align=\"CENTER\" valign=\"MIDDLE\">Ok\u0159esane\u010d<\/td>\n<td align=\"CENTER\" valign=\"MIDDLE\">22<\/td>\n<td align=\"CENTER\" valign=\"MIDDLE\">3<\/td>\n<td align=\"CENTER\" valign=\"MIDDLE\">3<\/td>\n<td align=\"CENTER\" valign=\"MIDDLE\">16<\/td>\n<td align=\"CENTER\" valign=\"MIDDLE\">15: 57<\/td>\n<td align=\"CENTER\" valign=\"MIDDLE\">12<\/td>\n<td align=\"CENTER\" valign=\"MIDDLE\">(-21)<\/td>\n<\/tr>\n<\/tbody>\n<\/table>\n<p>xxxxxxxxxxxxxxxxxxxxxxxxxxxxxxxxxxxxxxxxxxxxxxxxxxxxxxxxxxxxxxxxxxxxxxxxxxxxxxxxxxxxxxxxxxxxxxxxxxxxxxxxxxxxxxxxxxxxxxxxxxxxxxxxxxxxxxxxxx<\/p>\n<table border=\"0\" rules=\"NONE\" cellspacing=\"0\">\n<col width=\"86\" \/>\n<col width=\"86\" \/>\n<col width=\"57\" \/>\n<col width=\"57\" \/>\n<col width=\"57\" \/>\n<col width=\"57\" \/>\n<col width=\"57\" \/>\n<col width=\"57\" \/>\n<col width=\"57\" \/>\n<col width=\"57\" \/>\n<col width=\"57\" \/>\n<col width=\"57\" \/>\n<col width=\"57\" \/>\n<col width=\"57\" \/>\n<tbody>\n<tr>\n<td colspan=\"9\" align=\"LEFT\" width=\"568\" height=\"26\"><b><span style=\"font-family: Times New Roman;font-size: medium\"> K\u0158\u00cd\u017dOV\u00c1 TABULKA<\/span><\/b><\/td>\n<td align=\"LEFT\" width=\"57\"><\/td>\n<td align=\"LEFT\" width=\"57\"><\/td>\n<td align=\"LEFT\" width=\"57\"><\/td>\n<td align=\"LEFT\" width=\"57\"><\/td>\n<td align=\"LEFT\" width=\"57\"><\/td>\n<\/tr>\n<tr>\n<td align=\"CENTER\" valign=\"MIDDLE\" bgcolor=\"#FFFF99\" height=\"17\"><\/td>\n<td align=\"CENTER\" valign=\"MIDDLE\" bgcolor=\"#FFFF99\"><\/td>\n<td align=\"CENTER\" valign=\"MIDDLE\" bgcolor=\"#FFFF99\">1<\/td>\n<td align=\"CENTER\" valign=\"MIDDLE\" bgcolor=\"#FFFF99\">2<\/td>\n<td align=\"CENTER\" valign=\"MIDDLE\" bgcolor=\"#FFFF99\">3<\/td>\n<td align=\"CENTER\" valign=\"MIDDLE\" bgcolor=\"#FFFF99\">4<\/td>\n<td align=\"CENTER\" valign=\"MIDDLE\" bgcolor=\"#FFFF99\">5<\/td>\n<td align=\"CENTER\" valign=\"MIDDLE\" bgcolor=\"#FFFF99\">6<\/td>\n<td align=\"CENTER\" valign=\"MIDDLE\" bgcolor=\"#FFFF99\">7<\/td>\n<td align=\"CENTER\" valign=\"MIDDLE\" bgcolor=\"#FFFF99\">8<\/td>\n<td align=\"CENTER\" valign=\"MIDDLE\" bgcolor=\"#FFFF99\">9<\/td>\n<td align=\"CENTER\" valign=\"MIDDLE\" bgcolor=\"#FFFF99\">10<\/td>\n<td align=\"CENTER\" valign=\"MIDDLE\" bgcolor=\"#FFFF99\">11<\/td>\n<td align=\"CENTER\" valign=\"MIDDLE\" bgcolor=\"#FFFF99\">12<\/td>\n<\/tr>\n<tr>\n<td align=\"CENTER\" valign=\"MIDDLE\" height=\"17\">1.<\/td>\n<td align=\"CENTER\" valign=\"MIDDLE\">Brat\u010dice<\/td>\n<td align=\"CENTER\" valign=\"MIDDLE\" bgcolor=\"#000000\">&#8212;<\/td>\n<td align=\"CENTER\" valign=\"MIDDLE\">2:2<\/td>\n<td align=\"CENTER\" valign=\"MIDDLE\">3:2<\/td>\n<td align=\"CENTER\" valign=\"MIDDLE\">2:2<\/td>\n<td align=\"CENTER\" valign=\"MIDDLE\">5:0<\/td>\n<td align=\"CENTER\" valign=\"MIDDLE\">5:1<\/td>\n<td align=\"CENTER\" valign=\"MIDDLE\">7:0<\/td>\n<td align=\"CENTER\" valign=\"MIDDLE\">0:0<\/td>\n<td align=\"CENTER\" valign=\"MIDDLE\">3:2<\/td>\n<td align=\"CENTER\" valign=\"MIDDLE\">2:0<\/td>\n<td align=\"CENTER\" valign=\"MIDDLE\">3:1<\/td>\n<td align=\"CENTER\" valign=\"MIDDLE\">2:0<\/td>\n<\/tr>\n<tr>\n<td align=\"CENTER\" valign=\"MIDDLE\" height=\"17\">2.<\/td>\n<td align=\"CENTER\" valign=\"MIDDLE\">Ka\u010dina<\/td>\n<td align=\"CENTER\" valign=\"MIDDLE\">3:2<\/td>\n<td align=\"CENTER\" valign=\"MIDDLE\" bgcolor=\"#000000\">&#8212;<\/td>\n<td align=\"CENTER\" valign=\"MIDDLE\">0:2<\/td>\n<td align=\"CENTER\" valign=\"MIDDLE\">1:5<\/td>\n<td align=\"CENTER\" valign=\"MIDDLE\">4:0<\/td>\n<td align=\"CENTER\" valign=\"MIDDLE\">4:2<\/td>\n<td align=\"CENTER\" valign=\"MIDDLE\">0:2<\/td>\n<td align=\"CENTER\" valign=\"MIDDLE\">5:1<\/td>\n<td align=\"CENTER\" valign=\"MIDDLE\">0:0<\/td>\n<td align=\"CENTER\" valign=\"MIDDLE\">5:0<\/td>\n<td align=\"CENTER\" valign=\"MIDDLE\">5:1<\/td>\n<td align=\"CENTER\" valign=\"MIDDLE\">2:0<\/td>\n<\/tr>\n<tr>\n<td align=\"CENTER\" valign=\"MIDDLE\" height=\"17\">3.<\/td>\n<td align=\"CENTER\" valign=\"MIDDLE\">H.Bu\u010dice<\/td>\n<td align=\"CENTER\" valign=\"MIDDLE\">3:0<\/td>\n<td align=\"CENTER\" valign=\"MIDDLE\">2:2<\/td>\n<td align=\"CENTER\" valign=\"MIDDLE\" bgcolor=\"#000000\">&#8212;<\/td>\n<td align=\"CENTER\" valign=\"MIDDLE\">0:3<\/td>\n<td align=\"CENTER\" valign=\"MIDDLE\">3:1<\/td>\n<td align=\"CENTER\" valign=\"MIDDLE\">5:0<\/td>\n<td align=\"CENTER\" valign=\"MIDDLE\">7:0<\/td>\n<td align=\"CENTER\" valign=\"MIDDLE\">2:0<\/td>\n<td align=\"CENTER\" valign=\"MIDDLE\">5:7<\/td>\n<td align=\"CENTER\" valign=\"MIDDLE\">3:0<\/td>\n<td align=\"CENTER\" valign=\"MIDDLE\">0:0<\/td>\n<td align=\"CENTER\" valign=\"MIDDLE\">2:0<\/td>\n<\/tr>\n<tr>\n<td align=\"CENTER\" valign=\"MIDDLE\" height=\"17\">4.<\/td>\n<td align=\"CENTER\" valign=\"MIDDLE\">Tupadly B<\/td>\n<td align=\"CENTER\" valign=\"MIDDLE\">3:1<\/td>\n<td align=\"CENTER\" valign=\"MIDDLE\">2:0<\/td>\n<td align=\"CENTER\" valign=\"MIDDLE\">2:3<\/td>\n<td align=\"CENTER\" valign=\"MIDDLE\" bgcolor=\"#000000\">&#8212;<\/td>\n<td align=\"CENTER\" valign=\"MIDDLE\">7:0<\/td>\n<td align=\"CENTER\" valign=\"MIDDLE\">4:1<\/td>\n<td align=\"CENTER\" valign=\"MIDDLE\">6:0<\/td>\n<td align=\"CENTER\" valign=\"MIDDLE\">3:1<\/td>\n<td align=\"CENTER\" valign=\"MIDDLE\">2:2<\/td>\n<td align=\"CENTER\" valign=\"MIDDLE\">0:0<\/td>\n<td align=\"CENTER\" valign=\"MIDDLE\">6:0<\/td>\n<td align=\"CENTER\" valign=\"MIDDLE\">3:0<\/td>\n<\/tr>\n<tr>\n<td align=\"CENTER\" valign=\"MIDDLE\" height=\"17\">5.<\/td>\n<td align=\"CENTER\" valign=\"MIDDLE\">Vlkane\u010d<\/td>\n<td align=\"CENTER\" valign=\"MIDDLE\">3:5<\/td>\n<td align=\"CENTER\" valign=\"MIDDLE\">0:2<\/td>\n<td align=\"CENTER\" valign=\"MIDDLE\">0:2<\/td>\n<td align=\"CENTER\" valign=\"MIDDLE\">2:2<\/td>\n<td align=\"CENTER\" valign=\"MIDDLE\" bgcolor=\"#000000\">&#8212;<\/td>\n<td align=\"CENTER\" valign=\"MIDDLE\">4:1<\/td>\n<td align=\"CENTER\" valign=\"MIDDLE\">4:0<\/td>\n<td align=\"CENTER\" valign=\"MIDDLE\">0:4<\/td>\n<td align=\"CENTER\" valign=\"MIDDLE\">2:1<\/td>\n<td align=\"CENTER\" valign=\"MIDDLE\">3:0<\/td>\n<td align=\"CENTER\" valign=\"MIDDLE\">0:4<\/td>\n<td align=\"CENTER\" valign=\"MIDDLE\">1:2<\/td>\n<\/tr>\n<tr>\n<td align=\"CENTER\" valign=\"MIDDLE\" height=\"17\">6.<\/td>\n<td align=\"CENTER\" valign=\"MIDDLE\">Horu\u0161ice<\/td>\n<td align=\"CENTER\" valign=\"MIDDLE\">0:4<\/td>\n<td align=\"CENTER\" valign=\"MIDDLE\">0:2<\/td>\n<td align=\"CENTER\" valign=\"MIDDLE\">0:2<\/td>\n<td align=\"CENTER\" valign=\"MIDDLE\">1:5<\/td>\n<td align=\"CENTER\" valign=\"MIDDLE\">2:3<\/td>\n<td align=\"CENTER\" valign=\"MIDDLE\" bgcolor=\"#000000\">&#8212;<\/td>\n<td align=\"CENTER\" valign=\"MIDDLE\">0:2<\/td>\n<td align=\"CENTER\" valign=\"MIDDLE\">2:0<\/td>\n<td align=\"CENTER\" valign=\"MIDDLE\">1:5<\/td>\n<td align=\"CENTER\" valign=\"MIDDLE\">1:1<\/td>\n<td align=\"CENTER\" valign=\"MIDDLE\">1:0<\/td>\n<td align=\"CENTER\" valign=\"MIDDLE\">0:0<\/td>\n<\/tr>\n<tr>\n<td align=\"CENTER\" valign=\"MIDDLE\" height=\"17\">7.<\/td>\n<td align=\"CENTER\" valign=\"MIDDLE\">Zb\u00fd\u0161ov B<\/td>\n<td align=\"CENTER\" valign=\"MIDDLE\">3:3<\/td>\n<td align=\"CENTER\" valign=\"MIDDLE\">2:3<\/td>\n<td align=\"CENTER\" valign=\"MIDDLE\">2:1<\/td>\n<td align=\"CENTER\" valign=\"MIDDLE\">5:2<\/td>\n<td align=\"CENTER\" valign=\"MIDDLE\">2:2<\/td>\n<td align=\"CENTER\" valign=\"MIDDLE\">4:0<\/td>\n<td align=\"CENTER\" valign=\"MIDDLE\" bgcolor=\"#000000\">&#8212;<\/td>\n<td align=\"CENTER\" valign=\"MIDDLE\">2:2<\/td>\n<td align=\"CENTER\" valign=\"MIDDLE\">1:4<\/td>\n<td align=\"CENTER\" valign=\"MIDDLE\">1:1<\/td>\n<td align=\"CENTER\" valign=\"MIDDLE\">1:3<\/td>\n<td align=\"CENTER\" valign=\"MIDDLE\">2:5<\/td>\n<\/tr>\n<tr>\n<td align=\"CENTER\" valign=\"MIDDLE\" height=\"17\">8.<\/td>\n<td align=\"CENTER\" valign=\"MIDDLE\">Mo\u010dovice<\/td>\n<td align=\"CENTER\" valign=\"MIDDLE\">0:5<\/td>\n<td align=\"CENTER\" valign=\"MIDDLE\">1:0<\/td>\n<td align=\"CENTER\" valign=\"MIDDLE\">0:6<\/td>\n<td align=\"CENTER\" valign=\"MIDDLE\">6:6<\/td>\n<td align=\"CENTER\" valign=\"MIDDLE\">0:2<\/td>\n<td align=\"CENTER\" valign=\"MIDDLE\">3:1<\/td>\n<td align=\"CENTER\" valign=\"MIDDLE\">9:0<\/td>\n<td align=\"CENTER\" valign=\"MIDDLE\" bgcolor=\"#000000\">&#8212;<\/td>\n<td align=\"CENTER\" valign=\"MIDDLE\">4:2<\/td>\n<td align=\"CENTER\" valign=\"MIDDLE\">1:0<\/td>\n<td align=\"CENTER\" valign=\"MIDDLE\">1:1<\/td>\n<td align=\"CENTER\" valign=\"MIDDLE\">1:1<\/td>\n<\/tr>\n<tr>\n<td align=\"CENTER\" valign=\"MIDDLE\" height=\"17\">9.<\/td>\n<td align=\"CENTER\" valign=\"MIDDLE\">Z\u00e1bo\u0159\u00ed<\/td>\n<td align=\"CENTER\" valign=\"MIDDLE\">1:7<\/td>\n<td align=\"CENTER\" valign=\"MIDDLE\">1:0<\/td>\n<td align=\"CENTER\" valign=\"MIDDLE\">1:3<\/td>\n<td align=\"CENTER\" valign=\"MIDDLE\">3:2<\/td>\n<td align=\"CENTER\" valign=\"MIDDLE\">3:0<\/td>\n<td align=\"CENTER\" valign=\"MIDDLE\">2:0<\/td>\n<td align=\"CENTER\" valign=\"MIDDLE\">5:0<\/td>\n<td align=\"CENTER\" valign=\"MIDDLE\">5:3<\/td>\n<td align=\"CENTER\" valign=\"MIDDLE\" bgcolor=\"#000000\">&#8212;<\/td>\n<td align=\"CENTER\" valign=\"MIDDLE\">1:0<\/td>\n<td align=\"CENTER\" valign=\"MIDDLE\">2:2<\/td>\n<td align=\"CENTER\" valign=\"MIDDLE\">2:0<\/td>\n<\/tr>\n<tr>\n<td align=\"CENTER\" valign=\"MIDDLE\" height=\"17\">10.<\/td>\n<td align=\"CENTER\" valign=\"MIDDLE\">Ok\u0159esane\u010d<\/td>\n<td align=\"CENTER\" valign=\"MIDDLE\">1:3<\/td>\n<td align=\"CENTER\" valign=\"MIDDLE\">0:6<\/td>\n<td align=\"CENTER\" valign=\"MIDDLE\">0:3<\/td>\n<td align=\"CENTER\" valign=\"MIDDLE\">0:5<\/td>\n<td align=\"CENTER\" valign=\"MIDDLE\">3:0<\/td>\n<td align=\"CENTER\" valign=\"MIDDLE\">1:4<\/td>\n<td align=\"CENTER\" valign=\"MIDDLE\">3:0<\/td>\n<td align=\"CENTER\" valign=\"MIDDLE\">1:5<\/td>\n<td align=\"CENTER\" valign=\"MIDDLE\">0:4<\/td>\n<td align=\"CENTER\" valign=\"MIDDLE\" bgcolor=\"#000000\">&#8212;<\/td>\n<td align=\"CENTER\" valign=\"MIDDLE\">2:0<\/td>\n<td align=\"CENTER\" valign=\"MIDDLE\">2:5<\/td>\n<\/tr>\n<tr>\n<td align=\"CENTER\" valign=\"MIDDLE\" height=\"17\">11.<\/td>\n<td align=\"CENTER\" valign=\"MIDDLE\">\u0160trampouch<\/td>\n<td align=\"CENTER\" valign=\"MIDDLE\">2:1<\/td>\n<td align=\"CENTER\" valign=\"MIDDLE\">0:4<\/td>\n<td align=\"CENTER\" valign=\"MIDDLE\">3:3<\/td>\n<td align=\"CENTER\" valign=\"MIDDLE\">2:5<\/td>\n<td align=\"CENTER\" valign=\"MIDDLE\">4:2<\/td>\n<td align=\"CENTER\" valign=\"MIDDLE\">0:0<\/td>\n<td align=\"CENTER\" valign=\"MIDDLE\">7:0<\/td>\n<td align=\"CENTER\" valign=\"MIDDLE\">2:2<\/td>\n<td align=\"CENTER\" valign=\"MIDDLE\">2:1<\/td>\n<td align=\"CENTER\" valign=\"MIDDLE\">1:0<\/td>\n<td align=\"CENTER\" valign=\"MIDDLE\" bgcolor=\"#000000\">&#8212;<\/td>\n<td align=\"CENTER\" valign=\"MIDDLE\">3:0<\/td>\n<\/tr>\n<tr>\n<td align=\"CENTER\" valign=\"MIDDLE\" height=\"17\">12.<\/td>\n<td align=\"CENTER\" valign=\"MIDDLE\">\u017dleby B<\/td>\n<td align=\"CENTER\" valign=\"MIDDLE\">2:1<\/td>\n<td align=\"CENTER\" valign=\"MIDDLE\">3:1<\/td>\n<td align=\"CENTER\" valign=\"MIDDLE\">1:3<\/td>\n<td align=\"CENTER\" valign=\"MIDDLE\">0:3<\/td>\n<td align=\"CENTER\" valign=\"MIDDLE\">4:3<\/td>\n<td align=\"CENTER\" valign=\"MIDDLE\">9:2<\/td>\n<td align=\"CENTER\" valign=\"MIDDLE\">1:4<\/td>\n<td align=\"CENTER\" valign=\"MIDDLE\">2:4<\/td>\n<td align=\"CENTER\" valign=\"MIDDLE\">4:3<\/td>\n<td align=\"CENTER\" valign=\"MIDDLE\">4:0<\/td>\n<td align=\"CENTER\" valign=\"MIDDLE\">2:2<\/td>\n<td align=\"CENTER\" valign=\"MIDDLE\" bgcolor=\"#000000\">&#8212;<\/td>\n<\/tr>\n<\/tbody>\n<\/table>\n<p>zdroj : http:\/\/nv.fotbal.cz\/<\/p>\n<div><\/div>\n","protected":false},"excerpt":{"rendered":"<p>\u00a0\u00a0TABULKA 2005\/06 Rk. T\u00fdm Z\u00e1p + 0 &#8211; Sk\u00f3re Body (Prav) 1. H.Bu\u010dice 22 15 3 4 62: 25 48 ( 15) 2. Tupadly B 22 14 5 3 78: 30 47 ( 14) 3. Brat\u010dice 22 13 4 5 66: 31 43 ( 10) 4. Z\u00e1bo\u0159\u00ed 22 12 3 7 57: 41 39 ( [&hellip;]<\/p>\n","protected":false},"author":1,"featured_media":0,"parent":1177,"menu_order":24,"comment_status":"closed","ping_status":"closed","template":"","meta":{"ngg_post_thumbnail":0,"footnotes":""},"class_list":["post-119","page","type-page","status-publish","hentry"],"_links":{"self":[{"href":"http:\/\/tjsokolokresanec.cz\/index.php?rest_route=\/wp\/v2\/pages\/119","targetHints":{"allow":["GET"]}}],"collection":[{"href":"http:\/\/tjsokolokresanec.cz\/index.php?rest_route=\/wp\/v2\/pages"}],"about":[{"href":"http:\/\/tjsokolokresanec.cz\/index.php?rest_route=\/wp\/v2\/types\/page"}],"author":[{"embeddable":true,"href":"http:\/\/tjsokolokresanec.cz\/index.php?rest_route=\/wp\/v2\/users\/1"}],"replies":[{"embeddable":true,"href":"http:\/\/tjsokolokresanec.cz\/index.php?rest_route=%2Fwp%2Fv2%2Fcomments&post=119"}],"version-history":[{"count":0,"href":"http:\/\/tjsokolokresanec.cz\/index.php?rest_route=\/wp\/v2\/pages\/119\/revisions"}],"up":[{"embeddable":true,"href":"http:\/\/tjsokolokresanec.cz\/index.php?rest_route=\/wp\/v2\/pages\/1177"}],"wp:attachment":[{"href":"http:\/\/tjsokolokresanec.cz\/index.php?rest_route=%2Fwp%2Fv2%2Fmedia&parent=119"}],"curies":[{"name":"wp","href":"https:\/\/api.w.org\/{rel}","templated":true}]}}