{"id":107,"date":"2013-11-25T13:32:54","date_gmt":"2013-11-25T13:32:54","guid":{"rendered":"http:\/\/tjsokolokresanec.microweb.cz\/?page_id=107"},"modified":"2013-11-25T13:32:54","modified_gmt":"2013-11-25T13:32:54","slug":"200708-2","status":"publish","type":"page","link":"http:\/\/tjsokolokresanec.cz\/?page_id=107","title":{"rendered":"2007\/08"},"content":{"rendered":"<table border=\"0\" rules=\"NONE\" cellspacing=\"0\">\n<col width=\"86\" \/>\n<col width=\"86\" \/>\n<col width=\"86\" \/>\n<col width=\"86\" \/>\n<col width=\"86\" \/>\n<col width=\"86\" \/>\n<col width=\"86\" \/>\n<col width=\"86\" \/>\n<col width=\"86\" \/>\n<tbody>\n<tr>\n<td colspan=\"9\" align=\"LEFT\" width=\"771\" height=\"22\"><b><span style=\"font-family: Times New Roman;font-size: medium\">\u00a0\u00a0TABULKA 2007\/08<\/span><\/b><\/td>\n<\/tr>\n<tr>\n<td align=\"CENTER\" height=\"17\"><b>Rk. <\/b><\/td>\n<td align=\"CENTER\"><b>T\u00fdm<\/b><\/td>\n<td align=\"CENTER\"><b>Z\u00e1p<\/b><\/td>\n<td align=\"CENTER\"><b>+<\/b><\/td>\n<td align=\"CENTER\"><b>0<\/b><\/td>\n<td align=\"CENTER\"><b>&#8211;<\/b><\/td>\n<td align=\"CENTER\"><b>Sk\u00f3re<\/b><\/td>\n<td align=\"CENTER\"><b>Body<\/b><\/td>\n<td align=\"CENTER\"><b>(Prav)<\/b><\/td>\n<\/tr>\n<tr>\n<td align=\"CENTER\" height=\"17\">1.<\/td>\n<td align=\"CENTER\">Ka\u010dina<\/td>\n<td align=\"CENTER\">24<\/td>\n<td align=\"CENTER\">21<\/td>\n<td align=\"CENTER\">2<\/td>\n<td align=\"CENTER\">1<\/td>\n<td align=\"CENTER\">109: 16<\/td>\n<td align=\"CENTER\">65<\/td>\n<td align=\"CENTER\">( 29)<\/td>\n<\/tr>\n<tr>\n<td align=\"CENTER\" height=\"17\">2.<\/td>\n<td align=\"CENTER\">Tupadly B<\/td>\n<td align=\"CENTER\">24<\/td>\n<td align=\"CENTER\">17<\/td>\n<td align=\"CENTER\">3<\/td>\n<td align=\"CENTER\">4<\/td>\n<td align=\"CENTER\">81: 27<\/td>\n<td align=\"CENTER\">54<\/td>\n<td align=\"CENTER\">( 18)<\/td>\n<\/tr>\n<tr>\n<td align=\"CENTER\" height=\"17\">3.<\/td>\n<td align=\"CENTER\">Chotusice B<\/td>\n<td align=\"CENTER\">24<\/td>\n<td align=\"CENTER\">16<\/td>\n<td align=\"CENTER\">1<\/td>\n<td align=\"CENTER\">7<\/td>\n<td align=\"CENTER\">78: 41<\/td>\n<td align=\"CENTER\">49<\/td>\n<td align=\"CENTER\">( 13)<\/td>\n<\/tr>\n<tr>\n<td align=\"CENTER\" height=\"17\">4.<\/td>\n<td align=\"CENTER\">\u017dleby B<\/td>\n<td align=\"CENTER\">24<\/td>\n<td align=\"CENTER\">14<\/td>\n<td align=\"CENTER\">3<\/td>\n<td align=\"CENTER\">7<\/td>\n<td align=\"CENTER\">80: 53<\/td>\n<td align=\"CENTER\">45<\/td>\n<td align=\"CENTER\">( 9)<\/td>\n<\/tr>\n<tr>\n<td align=\"CENTER\" height=\"17\">5.<\/td>\n<td align=\"CENTER\">Z\u00e1bo\u0159\u00ed<\/td>\n<td align=\"CENTER\">24<\/td>\n<td align=\"CENTER\">11<\/td>\n<td align=\"CENTER\">6<\/td>\n<td align=\"CENTER\">7<\/td>\n<td align=\"CENTER\">66: 43<\/td>\n<td align=\"CENTER\">39<\/td>\n<td align=\"CENTER\">( 6)<\/td>\n<\/tr>\n<tr>\n<td align=\"CENTER\" height=\"17\">6.<\/td>\n<td align=\"CENTER\">\u0160trampouch<\/td>\n<td align=\"CENTER\">24<\/td>\n<td align=\"CENTER\">11<\/td>\n<td align=\"CENTER\">4<\/td>\n<td align=\"CENTER\">9<\/td>\n<td align=\"CENTER\">59: 51<\/td>\n<td align=\"CENTER\">37<\/td>\n<td align=\"CENTER\">( 1)<\/td>\n<\/tr>\n<tr>\n<td align=\"CENTER\" height=\"17\">7.<\/td>\n<td align=\"CENTER\">Hostovlice<\/td>\n<td align=\"CENTER\">24<\/td>\n<td align=\"CENTER\">9<\/td>\n<td align=\"CENTER\">6<\/td>\n<td align=\"CENTER\">9<\/td>\n<td align=\"CENTER\">52: 49<\/td>\n<td align=\"CENTER\">33<\/td>\n<td align=\"CENTER\">( -3)<\/td>\n<\/tr>\n<tr>\n<td align=\"CENTER\" height=\"17\">8.<\/td>\n<td align=\"CENTER\">Mo\u010dovice<\/td>\n<td align=\"CENTER\">24<\/td>\n<td align=\"CENTER\">8<\/td>\n<td align=\"CENTER\">3<\/td>\n<td align=\"CENTER\">13<\/td>\n<td align=\"CENTER\">42: 58<\/td>\n<td align=\"CENTER\">27<\/td>\n<td align=\"CENTER\">( -9)<\/td>\n<\/tr>\n<tr>\n<td align=\"CENTER\" height=\"17\">9.<\/td>\n<td align=\"CENTER\">Brat\u010dice<\/td>\n<td align=\"CENTER\">24<\/td>\n<td align=\"CENTER\">7<\/td>\n<td align=\"CENTER\">5<\/td>\n<td align=\"CENTER\">12<\/td>\n<td align=\"CENTER\">43: 45<\/td>\n<td align=\"CENTER\">26<\/td>\n<td align=\"CENTER\">(-10)<\/td>\n<\/tr>\n<tr>\n<td align=\"CENTER\" height=\"17\">10.<\/td>\n<td align=\"CENTER\">Zb\u00fd\u0161ov B<\/td>\n<td align=\"CENTER\">24<\/td>\n<td align=\"CENTER\">6<\/td>\n<td align=\"CENTER\">6<\/td>\n<td align=\"CENTER\">12<\/td>\n<td align=\"CENTER\">39: 82<\/td>\n<td align=\"CENTER\">24<\/td>\n<td align=\"CENTER\">(-12)<\/td>\n<\/tr>\n<tr>\n<td align=\"CENTER\" height=\"17\">11.<\/td>\n<td align=\"CENTER\">Vlkane\u010d<\/td>\n<td align=\"CENTER\">24<\/td>\n<td align=\"CENTER\">7<\/td>\n<td align=\"CENTER\">2<\/td>\n<td align=\"CENTER\">15<\/td>\n<td align=\"CENTER\">38: 61<\/td>\n<td align=\"CENTER\">23<\/td>\n<td align=\"CENTER\">(-16)<\/td>\n<\/tr>\n<tr>\n<td align=\"CENTER\" height=\"17\">12.<\/td>\n<td align=\"CENTER\">Ok\u0159esane\u010d<\/td>\n<td align=\"CENTER\">24<\/td>\n<td align=\"CENTER\">4<\/td>\n<td align=\"CENTER\">2<\/td>\n<td align=\"CENTER\">18<\/td>\n<td align=\"CENTER\">33:102<\/td>\n<td align=\"CENTER\">14<\/td>\n<td align=\"CENTER\">(-22)<\/td>\n<\/tr>\n<tr>\n<td align=\"CENTER\" height=\"17\">13.<\/td>\n<td align=\"CENTER\">Horu\u0161ice<\/td>\n<td align=\"CENTER\">24<\/td>\n<td align=\"CENTER\">2<\/td>\n<td align=\"CENTER\">3<\/td>\n<td align=\"CENTER\">19<\/td>\n<td align=\"CENTER\">26:118<\/td>\n<td align=\"CENTER\">9<\/td>\n<td align=\"CENTER\">(-27)<\/td>\n<\/tr>\n<\/tbody>\n<\/table>\n<p>xxxxxxxxxxxxxxxxxxxxxxxxxxxxxxxxxxxxxxxxxxxxxxxxxxxxxxxxxxxxxxxxxxxxxxxxxxxxxxxxxxxxxxxxxxxxxxxxxxxxxxxxxxxxxxxxxxxxxxxxxxxxxxxxxxxxxxxxxx<\/p>\n<table border=\"0\" rules=\"NONE\" cellspacing=\"0\">\n<col width=\"86\" \/>\n<col width=\"86\" \/>\n<col width=\"57\" \/>\n<col width=\"57\" \/>\n<col width=\"57\" \/>\n<col width=\"57\" \/>\n<col width=\"57\" \/>\n<col width=\"57\" \/>\n<col width=\"57\" \/>\n<col width=\"57\" \/>\n<col width=\"57\" \/>\n<col width=\"57\" \/>\n<col width=\"57\" \/>\n<col width=\"57\" \/>\n<col width=\"57\" \/>\n<col width=\"57\" \/>\n<tbody>\n<tr>\n<td colspan=\"9\" align=\"LEFT\" width=\"568\" height=\"24\"><b> K\u0158\u00cd\u017dOV\u00c1 TABULKA<\/b><\/td>\n<td align=\"LEFT\" width=\"57\"><\/td>\n<td align=\"LEFT\" width=\"57\"><\/td>\n<td align=\"LEFT\" width=\"57\"><\/td>\n<td align=\"LEFT\" width=\"57\"><\/td>\n<td align=\"LEFT\" width=\"57\"><\/td>\n<td align=\"LEFT\" width=\"57\"><\/td>\n<td align=\"LEFT\" width=\"57\"><\/td>\n<\/tr>\n<tr>\n<td align=\"CENTER\" bgcolor=\"#FFFF99\" height=\"17\"><b>\u00a0<\/b><\/td>\n<td align=\"CENTER\" bgcolor=\"#FFFF99\"><b>\u00a0<\/b><\/td>\n<td align=\"CENTER\" bgcolor=\"#FFFF99\"><b>1<\/b><\/td>\n<td align=\"CENTER\" bgcolor=\"#FFFF99\"><b>2<\/b><\/td>\n<td align=\"CENTER\" bgcolor=\"#FFFF99\"><b>3<\/b><\/td>\n<td align=\"CENTER\" bgcolor=\"#FFFF99\"><b>4<\/b><\/td>\n<td align=\"CENTER\" bgcolor=\"#FFFF99\"><b>5<\/b><\/td>\n<td align=\"CENTER\" bgcolor=\"#FFFF99\"><b>6<\/b><\/td>\n<td align=\"CENTER\" bgcolor=\"#FFFF99\"><b>7<\/b><\/td>\n<td align=\"CENTER\" bgcolor=\"#FFFF99\"><b>8<\/b><\/td>\n<td align=\"CENTER\" bgcolor=\"#FFFF99\"><b>9<\/b><\/td>\n<td align=\"CENTER\" bgcolor=\"#FFFF99\"><b>10<\/b><\/td>\n<td align=\"CENTER\" bgcolor=\"#FFFF99\"><b>11<\/b><\/td>\n<td align=\"LEFT\" bgcolor=\"#FFFF99\"><b>\u00a0<\/b><\/td>\n<td align=\"CENTER\" bgcolor=\"#FFFF99\"><b>12<\/b><\/td>\n<td align=\"CENTER\" bgcolor=\"#FFFF99\"><b>13<\/b><\/td>\n<\/tr>\n<tr>\n<td align=\"CENTER\" bgcolor=\"#FFFF99\" height=\"17\"><b>1.<\/b><\/td>\n<td align=\"CENTER\" bgcolor=\"#FFFF99\"><b>Hostovlice<\/b><\/td>\n<td align=\"CENTER\">&#8212;<\/td>\n<td align=\"CENTER\">3:0<\/td>\n<td align=\"CENTER\">2:3<\/td>\n<td align=\"CENTER\">0:3<\/td>\n<td align=\"CENTER\">5:5<\/td>\n<td align=\"CENTER\">2:2<\/td>\n<td align=\"CENTER\">2:2<\/td>\n<td align=\"CENTER\">3:1<\/td>\n<td align=\"CENTER\">3:0<\/td>\n<td align=\"CENTER\">3:3<\/td>\n<td align=\"CENTER\">4:0<\/td>\n<td align=\"CENTER\" bgcolor=\"#000000\"><\/td>\n<td align=\"CENTER\">1:1<\/td>\n<td align=\"CENTER\">3:4<\/td>\n<\/tr>\n<tr>\n<td align=\"CENTER\" bgcolor=\"#FFFF99\" height=\"17\"><b>2.<\/b><\/td>\n<td align=\"CENTER\" bgcolor=\"#FFFF99\"><b>Brat\u010dice<\/b><\/td>\n<td align=\"CENTER\">2:2<\/td>\n<td align=\"CENTER\">&#8212;<\/td>\n<td align=\"CENTER\">1:1<\/td>\n<td align=\"CENTER\">1:4<\/td>\n<td align=\"CENTER\">0:3<\/td>\n<td align=\"CENTER\">4:0<\/td>\n<td align=\"CENTER\">3:2<\/td>\n<td align=\"CENTER\">9:1<\/td>\n<td align=\"CENTER\">3:2<\/td>\n<td align=\"CENTER\">3:1<\/td>\n<td align=\"CENTER\">0:2<\/td>\n<td align=\"CENTER\" bgcolor=\"#000000\"><\/td>\n<td align=\"CENTER\">8:0<\/td>\n<td align=\"CENTER\">0:2<\/td>\n<\/tr>\n<tr>\n<td align=\"CENTER\" bgcolor=\"#FFFF99\" height=\"17\"><b>3.<\/b><\/td>\n<td align=\"CENTER\" bgcolor=\"#FFFF99\"><b>Zb\u00fd\u0161ov B<\/b><\/td>\n<td align=\"CENTER\">0:2<\/td>\n<td align=\"CENTER\">0:0<\/td>\n<td align=\"CENTER\">&#8212;<\/td>\n<td align=\"CENTER\">1:10<\/td>\n<td align=\"CENTER\">2:1<\/td>\n<td align=\"CENTER\">4:3<\/td>\n<td align=\"CENTER\">2:3<\/td>\n<td align=\"CENTER\">4:0<\/td>\n<td align=\"CENTER\">1:1<\/td>\n<td align=\"CENTER\">1:1<\/td>\n<td align=\"CENTER\">0:3<\/td>\n<td align=\"CENTER\" bgcolor=\"#000000\"><\/td>\n<td align=\"CENTER\">5:1<\/td>\n<td align=\"CENTER\">2:3<\/td>\n<\/tr>\n<tr>\n<td align=\"CENTER\" bgcolor=\"#FFFF99\" height=\"17\"><b>4.<\/b><\/td>\n<td align=\"CENTER\" bgcolor=\"#FFFF99\"><b>Ka\u010dina<\/b><\/td>\n<td align=\"CENTER\">4:0<\/td>\n<td align=\"CENTER\">5:0<\/td>\n<td align=\"CENTER\">10:0<\/td>\n<td align=\"CENTER\">&#8212;<\/td>\n<td align=\"CENTER\">1:0<\/td>\n<td align=\"CENTER\">5:2<\/td>\n<td align=\"CENTER\">3:1<\/td>\n<td align=\"CENTER\">15:0<\/td>\n<td align=\"CENTER\">10:0<\/td>\n<td align=\"CENTER\">6:0<\/td>\n<td align=\"CENTER\">1:0<\/td>\n<td align=\"CENTER\" bgcolor=\"#000000\"><\/td>\n<td align=\"CENTER\">4:0<\/td>\n<td align=\"CENTER\">1:0<\/td>\n<\/tr>\n<tr>\n<td align=\"CENTER\" bgcolor=\"#FFFF99\" height=\"17\"><b>5.<\/b><\/td>\n<td align=\"CENTER\" bgcolor=\"#FFFF99\"><b>Z\u00e1bo\u0159\u00ed<\/b><\/td>\n<td align=\"CENTER\">3:1<\/td>\n<td align=\"CENTER\">3:3<\/td>\n<td align=\"CENTER\">2:0<\/td>\n<td align=\"CENTER\">2:3<\/td>\n<td align=\"CENTER\">&#8212;<\/td>\n<td align=\"CENTER\">4:0<\/td>\n<td align=\"CENTER\">5:2<\/td>\n<td align=\"CENTER\">7:3<\/td>\n<td align=\"CENTER\"><\/td>\n<td align=\"CENTER\">1:1<\/td>\n<td align=\"CENTER\">0:1<\/td>\n<td align=\"CENTER\" bgcolor=\"#000000\"><\/td>\n<td align=\"CENTER\">8:0<\/td>\n<td align=\"CENTER\">4:4<\/td>\n<\/tr>\n<tr>\n<td align=\"CENTER\" bgcolor=\"#FFFF99\" height=\"17\"><b>6.<\/b><\/td>\n<td align=\"CENTER\" bgcolor=\"#FFFF99\"><b>Mo\u010dovice<\/b><\/td>\n<td align=\"CENTER\">4:1<\/td>\n<td align=\"CENTER\">0:0<\/td>\n<td align=\"CENTER\">6:1<\/td>\n<td align=\"CENTER\">0:1<\/td>\n<td align=\"CENTER\">1:1<\/td>\n<td align=\"CENTER\">&#8212;<\/td>\n<td align=\"CENTER\">1:2<\/td>\n<td align=\"CENTER\">4:0<\/td>\n<td align=\"CENTER\">4:0<\/td>\n<td align=\"CENTER\">3:2<\/td>\n<td align=\"CENTER\">2:4<\/td>\n<td align=\"CENTER\" bgcolor=\"#000000\"><\/td>\n<td align=\"CENTER\">1:0<\/td>\n<td align=\"CENTER\">2:3<\/td>\n<\/tr>\n<tr>\n<td align=\"CENTER\" bgcolor=\"#FFFF99\" height=\"17\"><b>7.<\/b><\/td>\n<td align=\"CENTER\" bgcolor=\"#FFFF99\"><b>Chotusice B<\/b><\/td>\n<td align=\"CENTER\">2:0<\/td>\n<td align=\"CENTER\">3:0<\/td>\n<td align=\"CENTER\">5:1<\/td>\n<td align=\"CENTER\">4:0<\/td>\n<td align=\"CENTER\">4:2<\/td>\n<td align=\"CENTER\">5:0<\/td>\n<td align=\"CENTER\">&#8212;<\/td>\n<td align=\"CENTER\">5:0<\/td>\n<td align=\"CENTER\">1:2<\/td>\n<td align=\"CENTER\">4:3<\/td>\n<td align=\"CENTER\">0:3<\/td>\n<td align=\"CENTER\" bgcolor=\"#000000\"><\/td>\n<td align=\"CENTER\">6:0<\/td>\n<td align=\"CENTER\">3:6<\/td>\n<\/tr>\n<tr>\n<td align=\"CENTER\" bgcolor=\"#FFFF99\" height=\"17\"><b>8.<\/b><\/td>\n<td align=\"CENTER\" bgcolor=\"#FFFF99\"><b>Horu\u0161ice<\/b><\/td>\n<td align=\"CENTER\">0:2<\/td>\n<td align=\"CENTER\">2:1<\/td>\n<td align=\"CENTER\">3:3<\/td>\n<td align=\"CENTER\">2:7<\/td>\n<td align=\"CENTER\">1:2<\/td>\n<td align=\"CENTER\">1:2<\/td>\n<td align=\"CENTER\">1:7<\/td>\n<td align=\"CENTER\">&#8212;<\/td>\n<td align=\"CENTER\">1:2<\/td>\n<td align=\"CENTER\">2:0<\/td>\n<td align=\"CENTER\">1:1<\/td>\n<td align=\"CENTER\" bgcolor=\"#000000\"><\/td>\n<td align=\"CENTER\">2:2<\/td>\n<td align=\"CENTER\">0:9<\/td>\n<\/tr>\n<tr>\n<td align=\"CENTER\" bgcolor=\"#FFFF99\" height=\"17\"><b>9.<\/b><\/td>\n<td align=\"CENTER\" bgcolor=\"#FFFF99\"><b>Vlkane\u010d<\/b><\/td>\n<td align=\"CENTER\">2:3<\/td>\n<td align=\"CENTER\">4:1<\/td>\n<td align=\"CENTER\">2:3<\/td>\n<td align=\"CENTER\">0:2<\/td>\n<td align=\"CENTER\">1:1<\/td>\n<td align=\"CENTER\">3:0<\/td>\n<td align=\"CENTER\">2:5<\/td>\n<td align=\"CENTER\">3:0<\/td>\n<td align=\"CENTER\">&#8212;<\/td>\n<td align=\"CENTER\">1:3<\/td>\n<td align=\"CENTER\">1:3<\/td>\n<td align=\"CENTER\" bgcolor=\"#000000\"><\/td>\n<td align=\"CENTER\">4:0<\/td>\n<td align=\"CENTER\">3:2<\/td>\n<\/tr>\n<tr>\n<td align=\"CENTER\" bgcolor=\"#FFFF99\" height=\"17\"><b>10.<\/b><\/td>\n<td align=\"CENTER\" bgcolor=\"#FFFF99\"><b>\u0160trampouch<\/b><\/td>\n<td align=\"CENTER\">0:2<\/td>\n<td align=\"CENTER\">1:0<\/td>\n<td align=\"CENTER\">12:2<\/td>\n<td align=\"CENTER\">0:5<\/td>\n<td align=\"CENTER\">3:0<\/td>\n<td align=\"CENTER\">5:1<\/td>\n<td align=\"CENTER\">1:0<\/td>\n<td align=\"CENTER\">6:1<\/td>\n<td align=\"CENTER\">1:0<\/td>\n<td align=\"CENTER\">&#8212;<\/td>\n<td align=\"CENTER\">1:1<\/td>\n<td align=\"CENTER\" bgcolor=\"#000000\"><\/td>\n<td align=\"CENTER\">1:0<\/td>\n<td align=\"CENTER\">2:4<\/td>\n<\/tr>\n<tr>\n<td align=\"CENTER\" bgcolor=\"#FFFF99\" height=\"17\"><b>11.<\/b><\/td>\n<td align=\"CENTER\" bgcolor=\"#FFFF99\"><b>Tupadly B<\/b><\/td>\n<td align=\"CENTER\">2:1<\/td>\n<td align=\"CENTER\">2:1<\/td>\n<td align=\"CENTER\">6:0<\/td>\n<td align=\"CENTER\">2:2<\/td>\n<td align=\"CENTER\">1:4<\/td>\n<td align=\"CENTER\">6:0<\/td>\n<td align=\"CENTER\">1:2<\/td>\n<td align=\"CENTER\">13:0<\/td>\n<td align=\"CENTER\">4:2<\/td>\n<td align=\"CENTER\">6:2<\/td>\n<td align=\"CENTER\">&#8212;<\/td>\n<td align=\"CENTER\" bgcolor=\"#000000\"><\/td>\n<td align=\"CENTER\">6:0<\/td>\n<td align=\"CENTER\">6:0<\/td>\n<\/tr>\n<tr>\n<td align=\"LEFT\" bgcolor=\"#FFFF99\" height=\"17\"><b>\u00a0<\/b><\/td>\n<td align=\"CENTER\" bgcolor=\"#FFFF99\"><b>\u00a0<\/b><\/td>\n<td align=\"CENTER\" bgcolor=\"#000000\"><\/td>\n<td align=\"CENTER\" bgcolor=\"#000000\"><\/td>\n<td align=\"CENTER\" bgcolor=\"#000000\"><\/td>\n<td align=\"CENTER\" bgcolor=\"#000000\"><\/td>\n<td align=\"CENTER\" bgcolor=\"#000000\"><\/td>\n<td align=\"CENTER\" bgcolor=\"#000000\"><\/td>\n<td align=\"CENTER\" bgcolor=\"#000000\"><\/td>\n<td align=\"CENTER\" bgcolor=\"#000000\"><\/td>\n<td align=\"CENTER\" bgcolor=\"#000000\"><\/td>\n<td align=\"CENTER\" bgcolor=\"#000000\"><\/td>\n<td align=\"CENTER\" bgcolor=\"#000000\"><\/td>\n<td align=\"CENTER\" bgcolor=\"#000000\">&#8212;<\/td>\n<td align=\"CENTER\" bgcolor=\"#000000\"><\/td>\n<td align=\"CENTER\" bgcolor=\"#000000\"><\/td>\n<\/tr>\n<tr>\n<td align=\"CENTER\" bgcolor=\"#FFFF99\" height=\"17\"><b>12.<\/b><\/td>\n<td align=\"CENTER\" bgcolor=\"#FFFF99\"><b>Ok\u0159esane\u010d<\/b><\/td>\n<td align=\"CENTER\">2:5<\/td>\n<td align=\"CENTER\">0:2<\/td>\n<td align=\"CENTER\">3:1<\/td>\n<td align=\"CENTER\">0:6<\/td>\n<td align=\"CENTER\">1:4<\/td>\n<td align=\"CENTER\">1:3<\/td>\n<td align=\"CENTER\">0:6<\/td>\n<td align=\"CENTER\">7:1<\/td>\n<td align=\"CENTER\">4:1<\/td>\n<td align=\"CENTER\">4:7<\/td>\n<td align=\"CENTER\">1:5<\/td>\n<td align=\"CENTER\" bgcolor=\"#000000\"><\/td>\n<td align=\"CENTER\">&#8212;<\/td>\n<td align=\"CENTER\">5:3<\/td>\n<\/tr>\n<tr>\n<td align=\"CENTER\" bgcolor=\"#FFFF99\" height=\"17\"><b>13.<\/b><\/td>\n<td align=\"CENTER\" bgcolor=\"#FFFF99\"><b>\u017dleby B<\/b><\/td>\n<td align=\"CENTER\">4:2<\/td>\n<td align=\"CENTER\">2:1<\/td>\n<td align=\"CENTER\">2:2<\/td>\n<td align=\"CENTER\">1:1<\/td>\n<td align=\"CENTER\">3:1<\/td>\n<td align=\"CENTER\">3:1<\/td>\n<td align=\"CENTER\">3:4<\/td>\n<td align=\"CENTER\">4:3<\/td>\n<td align=\"CENTER\">3:0<\/td>\n<td align=\"CENTER\">1:3<\/td>\n<td align=\"CENTER\">2:3<\/td>\n<td align=\"CENTER\" bgcolor=\"#000000\"><\/td>\n<td align=\"CENTER\">12:1<\/td>\n<td align=\"CENTER\">&#8212;<\/td>\n<\/tr>\n<\/tbody>\n<\/table>\n<p>zdroj : http:\/\/nv.fotbal.cz\/<\/p>\n<div><\/div>\n","protected":false},"excerpt":{"rendered":"<p>\u00a0\u00a0TABULKA 2007\/08 Rk. T\u00fdm Z\u00e1p + 0 &#8211; Sk\u00f3re Body (Prav) 1. Ka\u010dina 24 21 2 1 109: 16 65 ( 29) 2. Tupadly B 24 17 3 4 81: 27 54 ( 18) 3. Chotusice B 24 16 1 7 78: 41 49 ( 13) 4. \u017dleby B 24 14 3 7 80: 53 [&hellip;]<\/p>\n","protected":false},"author":1,"featured_media":0,"parent":1177,"menu_order":22,"comment_status":"closed","ping_status":"closed","template":"","meta":{"ngg_post_thumbnail":0,"footnotes":""},"class_list":["post-107","page","type-page","status-publish","hentry"],"_links":{"self":[{"href":"http:\/\/tjsokolokresanec.cz\/index.php?rest_route=\/wp\/v2\/pages\/107","targetHints":{"allow":["GET"]}}],"collection":[{"href":"http:\/\/tjsokolokresanec.cz\/index.php?rest_route=\/wp\/v2\/pages"}],"about":[{"href":"http:\/\/tjsokolokresanec.cz\/index.php?rest_route=\/wp\/v2\/types\/page"}],"author":[{"embeddable":true,"href":"http:\/\/tjsokolokresanec.cz\/index.php?rest_route=\/wp\/v2\/users\/1"}],"replies":[{"embeddable":true,"href":"http:\/\/tjsokolokresanec.cz\/index.php?rest_route=%2Fwp%2Fv2%2Fcomments&post=107"}],"version-history":[{"count":0,"href":"http:\/\/tjsokolokresanec.cz\/index.php?rest_route=\/wp\/v2\/pages\/107\/revisions"}],"up":[{"embeddable":true,"href":"http:\/\/tjsokolokresanec.cz\/index.php?rest_route=\/wp\/v2\/pages\/1177"}],"wp:attachment":[{"href":"http:\/\/tjsokolokresanec.cz\/index.php?rest_route=%2Fwp%2Fv2%2Fmedia&parent=107"}],"curies":[{"name":"wp","href":"https:\/\/api.w.org\/{rel}","templated":true}]}}